{"id":3006,"date":"2023-03-20T11:00:38","date_gmt":"2023-03-20T10:00:38","guid":{"rendered":"https:\/\/torredebrinas.com\/nuestras-habitaciones\/"},"modified":"2023-03-21T11:02:36","modified_gmt":"2023-03-21T10:02:36","slug":"nuestras-habitaciones","status":"publish","type":"page","link":"https:\/\/torredebrinas.com\/es\/nuestras-habitaciones\/","title":{"rendered":"Nuestras habitaciones"},"content":{"rendered":"<p>[vc_row full_width=\u00bbstretch_row\u00bb equal_height=\u00bbyes\u00bb css=\u00bb.vc_custom_1678976156030{background-color: #f9f9f9 !important;}\u00bb][vc_column][vc_column_text]<\/p>\n<h1><strong>Nuestras habitaciones<\/strong><\/h1>\n<h1><\/h1>\n<p>[\/vc_column_text][\/vc_column][\/vc_row][vc_row full_width=\u00bbstretch_row\u00bb gap=\u00bb20&#8243; equal_height=\u00bbyes\u00bb css=\u00bb.vc_custom_1678976331004{padding-top: 50px !important;padding-bottom: 50px !important;background-color: #f9f9f9 !important;}\u00bb][vc_column width=\u00bb1\/2&#8243; css=\u00bb.vc_custom_1678975472806{border-top-width: 1px !important;border-right-width: 1px !important;border-bottom-width: 1px !important;border-left-width: 1px !important;background-color: #ffffff !important;border-left-color: #eaeaea !important;border-left-style: solid !important;border-right-color: #eaeaea !important;border-right-style: solid !important;border-top-color: #eaeaea !important;border-top-style: solid !important;border-bottom-color: #eaeaea !important;border-bottom-style: solid !important;}\u00bb][vc_single_image image=\u00bb1849&#8243; img_size=\u00bbfull\u00bb] <h3 style=\"color:#000000;padding:px;text-align:;font-size:30px;line-height:24px;letter-spacing: px;font-weight:bold\" class=\"  ml-10 nd_options_first_font \">Habitaci\u00f3n doble con vista monta\u00f1a<\/h3> [vc_raw_html css=\u00bb.vc_custom_1679392944270{padding-top: 15px !important;padding-right: 15px !important;padding-bottom: 15px !important;padding-left: 15px !important;background-color: #ffffff !important;}\u00bb]JTNDZGl2JTIwY2xhc3MlM0QlMjJkLWZsZXglMjBtdC0yMCUyMG1sLTEwJTIyJTNFJTBBJTBBJTNDaW1nJTIwY2xhc3MlM0QlMjJtci0xMCUyMCUyMiUyMHNyYyUzRCUyMmh0dHBzJTNBJTJGJTJGdG9ycmVkZWJyaW5hcy5jb20lMkZ3cC1jb250ZW50JTJGcGx1Z2lucyUyRm5kLWJvb2tpbmclMkZhZGRvbnMlMkZ2aXN1YWwlMkZyb29tcyUyRmxheW91dCUyRmljb24tdXNlci1ncmV5LnN2ZyUyMiUyMGFsdCUzRCUyMmljb24lMjBndWVzdHMlMjBudW1iZXIlMjIlMjB3aWR0aCUzRCUyMjIzJTIyJTIwJTJGJTNFJTBBJTNDcCUyMGNsYXNzJTNEJTIybXItNDAlMjAlMjIlM0UyJTIwUEVSU09OQVMlM0MlMkZwJTNFJTBBJTNDaW1nJTIwY2xhc3MlM0QlMjJtci0xMCUyMiUyMHNyYyUzRCUyMmh0dHBzJTNBJTJGJTJGdG9ycmVkZWJyaW5hcy5jb20lMkZ3cC1jb250ZW50JTJGcGx1Z2lucyUyRm5kLWJvb2tpbmclMkZhZGRvbnMlMkZ2aXN1YWwlMkZyb29tcyUyRmxheW91dCUyRmljb24tcGxhbi1ncmV5LnN2ZyUyMiUyMGFsdCUzRCUyMmljb24lMjBzdXJmYWNlJTIwcm9vbSUyMiUyMHdpZHRoJTNEJTIyMjAlMjIlMjAlMkYlM0UlMEElM0NwJTIwY2xhc3MlM0QlMjJtci00MCUyMiUzRTE1JTIwbSVDMiVCMiUzQyUyRnAlM0UlMEElMEElM0MlMkZkaXYlM0UlMEElM0NwJTIwY2xhc3MlM0QlMjJtdC0yMCUyMG1sLTEwJTIyJTIwc3R5bGUlM0QlMjJmb250LXNpemUlM0ElMjAxLjFlbSUzQiUyMiUzRUMlQzMlQjNtb2RhJTIwaGFiaXRhY2klQzMlQjNuJTIwZG9ibGUlM0MlMkZwJTNFJTBBJTNDYSUyMGNsYXNzJTNEJTIyYnRuLTMtbGlnaHQlMjBtbC0xMCUyMG10LTIwJTIyJTIwc3R5bGUlM0QlMjJiYWNrZ3JvdW5kLWNvbG9yJTNBJTIwJTIzMWMxYzFjJTNCJTIyJTIwaHJlZiUzRCUyMmh0dHBzJTNBJTJGJTJGdG9ycmVkZWJyaW5hcy5jb20lMkZlcyUyRmhhYml0YWNpb24tZG9ibGUtY29uLXZpc3RhLWEtbGEtbW9udGFuYSUyRiUyMiUzRVZlciUyMGhhYml0YWNpJUMzJUIzbiUzQyUyRmElM0U=[\/vc_raw_html][vc_raw_html css=\u00bb.vc_custom_1679389685377{margin-bottom: 10px !important;border-top-width: 1px !important;padding-top: 15px !important;padding-right: 15px !important;padding-bottom: 15px !important;padding-left: 15px !important;background-color: #ffffff !important;border-top-color: #eaeaea !important;border-top-style: solid !important;}\u00bb]JTNDZGl2JTIwY2xhc3MlM0QlMjJkLWZsZXglMjIlM0UlM0NpbWclMjBjbGFzcyUzRCUyMm1yLTEwJTIyJTIwc3JjJTNEJTIyaHR0cHMlM0ElMkYlMkZ0b3JyZWRlYnJpbmFzLmNvbSUyRndwLWNvbnRlbnQlMkZ1cGxvYWRzJTJGMjAyMyUyRjAzJTJGaWNvbi0xNC0xLnBuZyUyMiUyMGFsdCUzRCUyMnN3aW1taW5nJTIwcG9vbCUyMiUyMHdpZHRoJTNEJTIyMjMlMjIlMjAlMkYlM0UlMEElM0NpbWclMjBjbGFzcyUzRCUyMm1yLTEwJTIyJTIwc3JjJTNEJTIyaHR0cHMlM0ElMkYlMkZ0b3JyZWRlYnJpbmFzLmNvbSUyRndwLWNvbnRlbnQlMkZ1cGxvYWRzJTJGMjAyMyUyRjAzJTJGaWNvbi0xNC5wbmclMjIlMjBhbHQlM0QlMjJubyUyMHNtb2tpbmclMjIlMjB3aWR0aCUzRCUyMjIzJTIyJTIwJTJGJTNFJTBBJTNDaW1nJTIwY2xhc3MlM0QlMjJtci0xMCUyMiUyMHNyYyUzRCUyMmh0dHBzJTNBJTJGJTJGdG9ycmVkZWJyaW5hcy5jb20lMkZ3cC1jb250ZW50JTJGdXBsb2FkcyUyRjIwMjMlMkYwMyUyRmljb24tMTAucG5nJTIyJTIwYWx0JTNEJTIycHJpdmF0ZSUyMGJhdGhyb29tJTIyJTIwd2lkdGglM0QlMjIyMyUyMiUyMCUyRiUzRSUwQSUzQ2ltZyUyMGNsYXNzJTNEJTIybXItMTAlMjIlMjBzcmMlM0QlMjJodHRwcyUzQSUyRiUyRnRvcnJlZGVicmluYXMuY29tJTJGd3AtY29udGVudCUyRnVwbG9hZHMlMkYyMDIzJTJGMDMlMkZ1c2IucG5nJTIyJTIwYWx0JTNEJTIyY2hhcmdlciUyMHVzYiUyMiUyMHdpZHRoJTNEJTIyMjMlMjIlMjAlMkYlM0UlMEElM0NpbWclMjBjbGFzcyUzRCUyMm1yLTEwJTIyJTIwc3JjJTNEJTIyaHR0cHMlM0ElMkYlMkZ0b3JyZWRlYnJpbmFzLmNvbSUyRndwLWNvbnRlbnQlMkZ1cGxvYWRzJTJGMjAyMyUyRjAzJTJGYWlyLWNvbmRpdGlvbmVyLnBuZyUyMiUyMGFsdCUzRCUyMmFpciUyMGNvbmRpdGlvbmluZyUyMiUyMHdpZHRoJTNEJTIyMjMlMjIlMjAlMkYlM0UlMEElM0NpbWclMjBjbGFzcyUzRCUyMm1yLTEwJTIyJTIwc3JjJTNEJTIyaHR0cHMlM0ElMkYlMkZ0b3JyZWRlYnJpbmFzLmNvbSUyRndwLWNvbnRlbnQlMkZ1cGxvYWRzJTJGMjAyMyUyRjAzJTJGY2FyLnBuZyUyMiUyMGFsdCUzRCUyMnByaXZhdGUlMjBjYXIlMjBwYXJraW5nJTIyJTIwd2lkdGglM0QlMjIyMyUyMiUyMCUyRiUzRSUwQSUzQ2ltZyUyMGNsYXNzJTNEJTIybXItMTAlMjIlMjBzcmMlM0QlMjJodHRwcyUzQSUyRiUyRnRvcnJlZGVicmluYXMuY29tJTJGd3AtY29udGVudCUyRnVwbG9hZHMlMkYyMDIzJTJGMDMlMkZiaWtlLnBuZyUyMiUyMGFsdCUzRCUyMnByaXZhdGUlMjBtb3RvcmJpa2UlMjBwYXJraW5nJTIyJTIwd2lkdGglM0QlMjIyMyUyMiUyMCUyRiUzRSUwQSUzQ2ltZyUyMGNsYXNzJTNEJTIybXItMTAlMjIlMjBzcmMlM0QlMjJodHRwcyUzQSUyRiUyRnRvcnJlZGVicmluYXMuY29tJTJGd3AtY29udGVudCUyRnVwbG9hZHMlMkYyMDIzJTJGMDMlMkZpY29uLTE4LnBuZyUyMiUyMGFsdCUzRCUyMnNtYXJ0JTIwdHYlMjIlMjB3aWR0aCUzRCUyMjIzJTIyJTIwJTJGJTNFJTBBJTNDaW1nJTIwY2xhc3MlM0QlMjJtci0xMCUyMiUyMHNyYyUzRCUyMmh0dHBzJTNBJTJGJTJGdG9ycmVkZWJyaW5hcy5jb20lMkZ3cC1jb250ZW50JTJGdXBsb2FkcyUyRjIwMjMlMkYwMyUyRmljb24tMTIucG5nJTIyJTIwYWx0JTNEJTIybGl0JTIwa2luZyUyMHNpemUlMjIlMjB3aWR0aCUzRCUyMjIzJTIyJTIwJTJGJTNFJTNDJTJGZGl2JTNF[\/vc_raw_html][\/vc_column][vc_column width=\u00bb1\/2&#8243; css=\u00bb.vc_custom_1678973196383{border-top-width: 1px !important;border-right-width: 1px !important;border-bottom-width: 1px !important;border-left-width: 1px !important;background-color: #ffffff !important;border-left-color: #eaeaea !important;border-left-style: solid !important;border-right-color: #eaeaea !important;border-right-style: solid !important;border-top-color: #eaeaea !important;border-top-style: solid !important;border-bottom-color: #eaeaea !important;border-bottom-style: solid !important;}\u00bb][vc_single_image image=\u00bb1846&#8243; img_size=\u00bbfull\u00bb] <h3 style=\"color:#000000;padding:px;text-align:;font-size:30px;line-height:24px;letter-spacing: px;font-weight:bold\" class=\"   nd_options_first_font \">Habitaci\u00f3n doble con vista a la piscina<\/h3> [vc_raw_html css=\u00bb.vc_custom_1679388967037{padding-top: 15px !important;padding-right: 15px !important;padding-bottom: 15px !important;padding-left: 15px !important;}\u00bb]JTNDZGl2JTIwY2xhc3MlM0QlMjJkLWZsZXglMjBtdC0yMCUyMG1sLTEwJTIyJTNFJTBBJTBBJTNDaW1nJTIwY2xhc3MlM0QlMjJtci0xMCUyMCUyMiUyMHNyYyUzRCUyMmh0dHBzJTNBJTJGJTJGdG9ycmVkZWJyaW5hcy5jb20lMkZ3cC1jb250ZW50JTJGcGx1Z2lucyUyRm5kLWJvb2tpbmclMkZhZGRvbnMlMkZ2aXN1YWwlMkZyb29tcyUyRmxheW91dCUyRmljb24tdXNlci1ncmV5LnN2ZyUyMiUyMGFsdCUzRCUyMmljb24lMjBndWVzdHMlMjBudW1iZXIlMjIlMjB3aWR0aCUzRCUyMjIzJTIyJTIwJTJGJTNFJTBBJTNDcCUyMGNsYXNzJTNEJTIybXItNDAlMjAlMjIlM0UyJTIwUEVSU09OQVMlM0MlMkZwJTNFJTBBJTNDaW1nJTIwY2xhc3MlM0QlMjJtci0xMCUyMiUyMHNyYyUzRCUyMmh0dHBzJTNBJTJGJTJGdG9ycmVkZWJyaW5hcy5jb20lMkZ3cC1jb250ZW50JTJGcGx1Z2lucyUyRm5kLWJvb2tpbmclMkZhZGRvbnMlMkZ2aXN1YWwlMkZyb29tcyUyRmxheW91dCUyRmljb24tcGxhbi1ncmV5LnN2ZyUyMiUyMGFsdCUzRCUyMmljb24lMjBzdXJmYWNlJTIwcm9vbSUyMiUyMHdpZHRoJTNEJTIyMjAlMjIlMjAlMkYlM0UlMEElM0NwJTIwY2xhc3MlM0QlMjJtci00MCUyMiUzRTE1JTIwbSVDMiVCMiUzQyUyRnAlM0UlMEElMEElM0MlMkZkaXYlM0UlMEElM0NwJTIwY2xhc3MlM0QlMjJtdC0yMCUyMG1sLTEwJTIyJTIwc3R5bGUlM0QlMjJmb250LXNpemUlM0ElMjAxLjFlbSUzQiUyMiUzRUMlQzMlQjNtb2RhJTIwaGFiaXRhY2klQzMlQjNuJTIwZG9ibGUlM0MlMkZwJTNFJTBBJTNDYSUyMGNsYXNzJTNEJTIyYnRuLTMtbGlnaHQlMjBtbC0xMCUyMG10LTIwJTIyJTIwc3R5bGUlM0QlMjJiYWNrZ3JvdW5kLWNvbG9yJTNBJTIwJTIzMWMxYzFjJTNCJTIyJTIwaHJlZiUzRCUyMmh0dHBzJTNBJTJGJTJGdG9ycmVkZWJyaW5hcy5jb20lMkZlcyUyRmhhYml0YWNpb24tZG9ibGUtY29uLXZpc3RhLWEtbGEtcGlzY2luYSUyRiUyMiUzRSUyMFZlciUyMGhhYml0YWNpJUMzJUIzbiUzQyUyRmElM0U=[\/vc_raw_html][vc_raw_html css=\u00bb.vc_custom_1679389666183{margin-bottom: 15px !important;border-top-width: 1px !important;padding-top: 15px !important;padding-right: 15px !important;padding-bottom: 15px !important;padding-left: 15px !important;background-color: #ffffff !important;border-top-color: #eaeaea !important;border-top-style: solid !important;}\u00bb]JTNDZGl2JTIwY2xhc3MlM0QlMjJkLWZsZXglMjIlM0UlM0NpbWclMjBjbGFzcyUzRCUyMm1yLTEwJTIyJTIwc3JjJTNEJTIyaHR0cHMlM0ElMkYlMkZ0b3JyZWRlYnJpbmFzLmNvbSUyRndwLWNvbnRlbnQlMkZ1cGxvYWRzJTJGMjAyMyUyRjAzJTJGaWNvbi0xNC0xLnBuZyUyMiUyMGFsdCUzRCUyMnN3aW1taW5nJTIwcG9vbCUyMiUyMHdpZHRoJTNEJTIyMjMlMjIlMjAlMkYlM0UlMEElM0NpbWclMjBjbGFzcyUzRCUyMm1yLTEwJTIyJTIwc3JjJTNEJTIyaHR0cHMlM0ElMkYlMkZ0b3JyZWRlYnJpbmFzLmNvbSUyRndwLWNvbnRlbnQlMkZ1cGxvYWRzJTJGMjAyMyUyRjAzJTJGaWNvbi0xNC5wbmclMjIlMjBhbHQlM0QlMjJubyUyMHNtb2tpbmclMjIlMjB3aWR0aCUzRCUyMjIzJTIyJTIwJTJGJTNFJTBBJTNDaW1nJTIwY2xhc3MlM0QlMjJtci0xMCUyMiUyMHNyYyUzRCUyMmh0dHBzJTNBJTJGJTJGdG9ycmVkZWJyaW5hcy5jb20lMkZ3cC1jb250ZW50JTJGdXBsb2FkcyUyRjIwMjMlMkYwMyUyRmljb24tMTAucG5nJTIyJTIwYWx0JTNEJTIycHJpdmF0ZSUyMGJhdGhyb29tJTIyJTIwd2lkdGglM0QlMjIyMyUyMiUyMCUyRiUzRSUwQSUzQ2ltZyUyMGNsYXNzJTNEJTIybXItMTAlMjIlMjBzcmMlM0QlMjJodHRwcyUzQSUyRiUyRnRvcnJlZGVicmluYXMuY29tJTJGd3AtY29udGVudCUyRnVwbG9hZHMlMkYyMDIzJTJGMDMlMkZ1c2IucG5nJTIyJTIwYWx0JTNEJTIyY2hhcmdlciUyMHVzYiUyMiUyMHdpZHRoJTNEJTIyMjMlMjIlMjAlMkYlM0UlMEElM0NpbWclMjBjbGFzcyUzRCUyMm1yLTEwJTIyJTIwc3JjJTNEJTIyaHR0cHMlM0ElMkYlMkZ0b3JyZWRlYnJpbmFzLmNvbSUyRndwLWNvbnRlbnQlMkZ1cGxvYWRzJTJGMjAyMyUyRjAzJTJGYWlyLWNvbmRpdGlvbmVyLnBuZyUyMiUyMGFsdCUzRCUyMmFpciUyMGNvbmRpdGlvbmluZyUyMiUyMHdpZHRoJTNEJTIyMjMlMjIlMjAlMkYlM0UlMEElM0NpbWclMjBjbGFzcyUzRCUyMm1yLTEwJTIyJTIwc3JjJTNEJTIyaHR0cHMlM0ElMkYlMkZ0b3JyZWRlYnJpbmFzLmNvbSUyRndwLWNvbnRlbnQlMkZ1cGxvYWRzJTJGMjAyMyUyRjAzJTJGY2FyLnBuZyUyMiUyMGFsdCUzRCUyMnByaXZhdGUlMjBjYXIlMjBwYXJraW5nJTIyJTIwd2lkdGglM0QlMjIyMyUyMiUyMCUyRiUzRSUwQSUzQ2ltZyUyMGNsYXNzJTNEJTIybXItMTAlMjIlMjBzcmMlM0QlMjJodHRwcyUzQSUyRiUyRnRvcnJlZGVicmluYXMuY29tJTJGd3AtY29udGVudCUyRnVwbG9hZHMlMkYyMDIzJTJGMDMlMkZiaWtlLnBuZyUyMiUyMGFsdCUzRCUyMnByaXZhdGUlMjBtb3RvcmJpa2UlMjBwYXJraW5nJTIyJTIwd2lkdGglM0QlMjIyMyUyMiUyMCUyRiUzRSUwQSUzQ2ltZyUyMGNsYXNzJTNEJTIybXItMTAlMjIlMjBzcmMlM0QlMjJodHRwcyUzQSUyRiUyRnRvcnJlZGVicmluYXMuY29tJTJGd3AtY29udGVudCUyRnVwbG9hZHMlMkYyMDIzJTJGMDMlMkZpY29uLTE4LnBuZyUyMiUyMGFsdCUzRCUyMnNtYXJ0JTIwdHYlMjIlMjB3aWR0aCUzRCUyMjIzJTIyJTIwJTJGJTNFJTBBJTNDaW1nJTIwY2xhc3MlM0QlMjJtci0xMCUyMiUyMHNyYyUzRCUyMmh0dHBzJTNBJTJGJTJGdG9ycmVkZWJyaW5hcy5jb20lMkZ3cC1jb250ZW50JTJGdXBsb2FkcyUyRjIwMjMlMkYwMyUyRmljb24tMTIucG5nJTIyJTIwYWx0JTNEJTIybGl0JTIwa2luZyUyMHNpemUlMjIlMjB3aWR0aCUzRCUyMjIzJTIyJTIwJTJGJTNFJTNDJTJGZGl2JTNF[\/vc_raw_html][\/vc_column][\/vc_row][vc_row][vc_column css=\u00bb.vc_custom_1678966633620{margin-top: 30px !important;}\u00bb][vc_column_text]<\/p>\n<h2 style=\"text-align: center;\"><strong>Informaci\u00f3n y reservaciones<\/strong> +34 (9)41 051 455<\/h2>\n<p>[\/vc_column_text][\/vc_column][\/vc_row]<\/p>\n","protected":false},"excerpt":{"rendered":"<p>[vc_row full_width=\u00bbstretch_row\u00bb equal_height=\u00bbyes\u00bb css=\u00bb.vc_custom_1678976156030{background-color: #f9f9f9 !important;}\u00bb][vc_column][vc_column_text] Nuestras habitaciones [\/vc_column_text][\/vc_column][\/vc_row][vc_row full_width=\u00bbstretch_row\u00bb gap=\u00bb20&#8243; equal_height=\u00bbyes\u00bb css=\u00bb.vc_custom_1678976331004{padding-top: 50px !important;padding-bottom: 50px !important;background-color: #f9f9f9 !important;}\u00bb][vc_column width=\u00bb1\/2&#8243; css=\u00bb.vc_custom_1678975472806{border-top-width: 1px !important;border-right-width: 1px !important;border-bottom-width: 1px !important;border-left-width: 1px !important;background-color: #ffffff !important;border-left-color: #eaeaea !important;border-left-style: solid !important;border-right-color: #eaeaea !important;border-right-style: solid !important;border-top-color: #eaeaea !important;border-top-style: solid !important;border-bottom-color: #eaeaea !important;border-bottom-style: solid !important;}\u00bb][vc_single_image image=\u00bb1849&#8243; img_size=\u00bbfull\u00bb][vc_raw_html css=\u00bb.vc_custom_1679392944270{padding-top: 15px !important;padding-right: 15px !important;padding-bottom: 15px [&hellip;]<\/p>\n","protected":false},"author":2,"featured_media":0,"parent":0,"menu_order":0,"comment_status":"closed","ping_status":"closed","template":"","meta":[],"yoast_head":"<!-- This site is optimized with the Yoast SEO plugin v21.1 - https:\/\/yoast.com\/wordpress\/plugins\/seo\/ -->\n<title>Nuestras habitaciones - Finca Torre de Bri\u00f1as<\/title>\n<meta name=\"description\" content=\"Reserve una c\u00f3moda habitaci\u00f3n doble por 150\u20ac la noche, desayuno incluido. Para una estancia relajante alrededor de vi\u00f1edos.\" \/>\n<meta name=\"robots\" content=\"index, follow, max-snippet:-1, max-image-preview:large, max-video-preview:-1\" \/>\n<link rel=\"canonical\" href=\"https:\/\/torredebrinas.com\/discover-our-rooms\/\" \/>\n<meta property=\"og:locale\" content=\"es_ES\" \/>\n<meta property=\"og:type\" content=\"article\" \/>\n<meta property=\"og:title\" content=\"Nuestras habitaciones - Finca Torre de Bri\u00f1as\" \/>\n<meta property=\"og:description\" content=\"Reserve una c\u00f3moda habitaci\u00f3n doble por 150\u20ac la noche, desayuno incluido. Para una estancia relajante alrededor de vi\u00f1edos.\" \/>\n<meta property=\"og:url\" content=\"https:\/\/torredebrinas.com\/discover-our-rooms\/\" \/>\n<meta property=\"og:site_name\" content=\"Finca Torre de Bri\u00f1as\" \/>\n<meta property=\"article:modified_time\" content=\"2023-03-21T10:02:36+00:00\" \/>\n<meta name=\"twitter:card\" content=\"summary_large_image\" \/>\n<meta name=\"twitter:label1\" content=\"Tiempo de lectura\" \/>\n\t<meta name=\"twitter:data1\" content=\"1 minuto\" \/>\n<script type=\"application\/ld+json\" class=\"yoast-schema-graph\">{\"@context\":\"https:\/\/schema.org\",\"@graph\":[{\"@type\":\"WebPage\",\"@id\":\"https:\/\/torredebrinas.com\/discover-our-rooms\/\",\"url\":\"https:\/\/torredebrinas.com\/discover-our-rooms\/\",\"name\":\"Nuestras habitaciones - Finca Torre de Bri\u00f1as\",\"isPartOf\":{\"@id\":\"https:\/\/torredebrinas.com\/#website\"},\"datePublished\":\"2023-03-20T10:00:38+00:00\",\"dateModified\":\"2023-03-21T10:02:36+00:00\",\"description\":\"Reserve una c\u00f3moda habitaci\u00f3n doble por 150\u20ac la noche, desayuno incluido. Para una estancia relajante alrededor de vi\u00f1edos.\",\"breadcrumb\":{\"@id\":\"https:\/\/torredebrinas.com\/discover-our-rooms\/#breadcrumb\"},\"inLanguage\":\"es\",\"potentialAction\":[{\"@type\":\"ReadAction\",\"target\":[\"https:\/\/torredebrinas.com\/discover-our-rooms\/\"]}]},{\"@type\":\"BreadcrumbList\",\"@id\":\"https:\/\/torredebrinas.com\/discover-our-rooms\/#breadcrumb\",\"itemListElement\":[{\"@type\":\"ListItem\",\"position\":1,\"name\":\"Home\",\"item\":\"https:\/\/torredebrinas.com\/\"},{\"@type\":\"ListItem\",\"position\":2,\"name\":\"Nuestras habitaciones\"}]},{\"@type\":\"WebSite\",\"@id\":\"https:\/\/torredebrinas.com\/#website\",\"url\":\"https:\/\/torredebrinas.com\/\",\"name\":\"Finca Torre de Bri\u00f1as\",\"description\":\"Holidays in La Rioja\",\"potentialAction\":[{\"@type\":\"SearchAction\",\"target\":{\"@type\":\"EntryPoint\",\"urlTemplate\":\"https:\/\/torredebrinas.com\/?s={search_term_string}\"},\"query-input\":\"required name=search_term_string\"}],\"inLanguage\":\"es\"}]}<\/script>\n<!-- \/ Yoast SEO plugin. -->","yoast_head_json":{"title":"Nuestras habitaciones - Finca Torre de Bri\u00f1as","description":"Reserve una c\u00f3moda habitaci\u00f3n doble por 150\u20ac la noche, desayuno incluido. Para una estancia relajante alrededor de vi\u00f1edos.","robots":{"index":"index","follow":"follow","max-snippet":"max-snippet:-1","max-image-preview":"max-image-preview:large","max-video-preview":"max-video-preview:-1"},"canonical":"https:\/\/torredebrinas.com\/discover-our-rooms\/","og_locale":"es_ES","og_type":"article","og_title":"Nuestras habitaciones - Finca Torre de Bri\u00f1as","og_description":"Reserve una c\u00f3moda habitaci\u00f3n doble por 150\u20ac la noche, desayuno incluido. Para una estancia relajante alrededor de vi\u00f1edos.","og_url":"https:\/\/torredebrinas.com\/discover-our-rooms\/","og_site_name":"Finca Torre de Bri\u00f1as","article_modified_time":"2023-03-21T10:02:36+00:00","twitter_card":"summary_large_image","twitter_misc":{"Tiempo de lectura":"1 minuto"},"schema":{"@context":"https:\/\/schema.org","@graph":[{"@type":"WebPage","@id":"https:\/\/torredebrinas.com\/discover-our-rooms\/","url":"https:\/\/torredebrinas.com\/discover-our-rooms\/","name":"Nuestras habitaciones - Finca Torre de Bri\u00f1as","isPartOf":{"@id":"https:\/\/torredebrinas.com\/#website"},"datePublished":"2023-03-20T10:00:38+00:00","dateModified":"2023-03-21T10:02:36+00:00","description":"Reserve una c\u00f3moda habitaci\u00f3n doble por 150\u20ac la noche, desayuno incluido. Para una estancia relajante alrededor de vi\u00f1edos.","breadcrumb":{"@id":"https:\/\/torredebrinas.com\/discover-our-rooms\/#breadcrumb"},"inLanguage":"es","potentialAction":[{"@type":"ReadAction","target":["https:\/\/torredebrinas.com\/discover-our-rooms\/"]}]},{"@type":"BreadcrumbList","@id":"https:\/\/torredebrinas.com\/discover-our-rooms\/#breadcrumb","itemListElement":[{"@type":"ListItem","position":1,"name":"Home","item":"https:\/\/torredebrinas.com\/"},{"@type":"ListItem","position":2,"name":"Nuestras habitaciones"}]},{"@type":"WebSite","@id":"https:\/\/torredebrinas.com\/#website","url":"https:\/\/torredebrinas.com\/","name":"Finca Torre de Bri\u00f1as","description":"Holidays in La Rioja","potentialAction":[{"@type":"SearchAction","target":{"@type":"EntryPoint","urlTemplate":"https:\/\/torredebrinas.com\/?s={search_term_string}"},"query-input":"required name=search_term_string"}],"inLanguage":"es"}]}},"_links":{"self":[{"href":"https:\/\/torredebrinas.com\/es\/wp-json\/wp\/v2\/pages\/3006"}],"collection":[{"href":"https:\/\/torredebrinas.com\/es\/wp-json\/wp\/v2\/pages"}],"about":[{"href":"https:\/\/torredebrinas.com\/es\/wp-json\/wp\/v2\/types\/page"}],"author":[{"embeddable":true,"href":"https:\/\/torredebrinas.com\/es\/wp-json\/wp\/v2\/users\/2"}],"replies":[{"embeddable":true,"href":"https:\/\/torredebrinas.com\/es\/wp-json\/wp\/v2\/comments?post=3006"}],"version-history":[{"count":8,"href":"https:\/\/torredebrinas.com\/es\/wp-json\/wp\/v2\/pages\/3006\/revisions"}],"predecessor-version":[{"id":3077,"href":"https:\/\/torredebrinas.com\/es\/wp-json\/wp\/v2\/pages\/3006\/revisions\/3077"}],"wp:attachment":[{"href":"https:\/\/torredebrinas.com\/es\/wp-json\/wp\/v2\/media?parent=3006"}],"curies":[{"name":"wp","href":"https:\/\/api.w.org\/{rel}","templated":true}]}}