{"id":3070,"date":"2023-03-21T10:55:43","date_gmt":"2023-03-21T09:55:43","guid":{"rendered":"https:\/\/torredebrinas.com\/habitacion-doble-con-vista-a-la-montana\/"},"modified":"2023-04-17T12:15:10","modified_gmt":"2023-04-17T10:15:10","slug":"habitacion-doble-con-vista-a-la-montana","status":"publish","type":"page","link":"https:\/\/torredebrinas.com\/es\/habitacion-doble-con-vista-a-la-montana\/","title":{"rendered":"Habitaci\u00f3n doble con vista a la monta\u00f1a"},"content":{"rendered":"<p>[vc_row][vc_column][vc_column_text]<\/p>\n<h1 class=\" ml-10 nd_options_first_font \"><strong>Habitaci\u00f3n doble con vista a la monta\u00f1a<\/strong><\/h1>\n<p>[\/vc_column_text][\/vc_column][\/vc_row][vc_row][vc_column width=\u00bb2\/3&#8243;][vc_raw_html css=\u00bb.vc_custom_1679068042945{padding-bottom: 20px !important;}\u00bb]PGRpdiBpZD0ibmRfYm9va2luZ19zaW5nbGVfY3B0XzFfc3VidGl0bGUiIGNsYXNzPSJuZF9ib29raW5nX3NlY3Rpb24gbmRfYm9va2luZ19kaXNwbGF5X2lubGluZV9ibG9ja19hbGxfaXBob25lIG5kX2Jvb2tpbmdfd2lkdGhfaW5pdGlhbF9hbGxfaXBob25lIG5kX2Jvb2tpbmdfZmxvYXRfaW5pdGlhbF9hbGxfaXBob25lIj4NCjxwIGNsYXNzPSIgbmRfYm9va2luZ19mbG9hdF9sZWZ0IG5kX2Jvb2tpbmdfbGV0dGVyX3NwYWNpbmdfMiI+PHNwYW4gY2xhc3M9Im5kX2Jvb2tpbmdfbWFyZ2luX3JpZ2h0XzEwIG5kX2Jvb2tpbmdfdGV4dF90cmFuc2Zvcm1fdXBwZXJjYXNlIj5GaW5jYSBUb3JyZSBkZSBCcmnDsWFzIFJlc29ydDwvc3Bhbj48L3A+DQo8aW1nIGNsYXNzPSJuZF9ib29raW5nX21hcmdpbl9yaWdodF81IG5kX2Jvb2tpbmdfZmxvYXRfbGVmdCBuZF9ib29raW5nX21hcmdpbl90b3BfNSIgc3JjPSJodHRwczovL3RvcnJlZGVicmluYXMuY29tL3dwLWNvbnRlbnQvcGx1Z2lucy9uZC1ib29raW5nL3RlbXBsYXRlcy9pY29uLXN0YXItZnVsbC1ncmV5LnN2ZyIgYWx0PSIiIHdpZHRoPSIxNSIgLz48aW1nIGNsYXNzPSJuZF9ib29raW5nX21hcmdpbl9yaWdodF81IG5kX2Jvb2tpbmdfZmxvYXRfbGVmdCBuZF9ib29raW5nX21hcmdpbl90b3BfNSIgc3JjPSJodHRwczovL3RvcnJlZGVicmluYXMuY29tL3dwLWNvbnRlbnQvcGx1Z2lucy9uZC1ib29raW5nL3RlbXBsYXRlcy9pY29uLXN0YXItZnVsbC1ncmV5LnN2ZyIgYWx0PSIiIHdpZHRoPSIxNSIgLz48aW1nIGNsYXNzPSJuZF9ib29raW5nX21hcmdpbl9yaWdodF81IG5kX2Jvb2tpbmdfZmxvYXRfbGVmdCBuZF9ib29raW5nX21hcmdpbl90b3BfNSIgc3JjPSJodHRwczovL3RvcnJlZGVicmluYXMuY29tL3dwLWNvbnRlbnQvcGx1Z2lucy9uZC1ib29raW5nL3RlbXBsYXRlcy9pY29uLXN0YXItZnVsbC1ncmV5LnN2ZyIgYWx0PSIiIHdpZHRoPSIxNSIgLz4NCg0KPC9kaXY+[\/vc_raw_html][vc_single_image image=\u00bb1849&#8243; img_size=\u00bblarge\u00bb alignment=\u00bbcenter\u00bb][vc_raw_html]PGRpdiBjbGFzcz0iZC1mbGV4IG10LTIwIG1sLTEwIj4NCjxkaXYgY2xhc3M9Imp1c3RpZnktY29udGVudC1zcGFjZWJldHdlZW4gbWItMTAiPg0KDQo8aW1nIGNsYXNzPSJtci0xMCAiIHNyYz0iaHR0cHM6Ly90b3JyZWRlYnJpbmFzLmNvbS93cC1jb250ZW50L3BsdWdpbnMvbmQtYm9va2luZy9hZGRvbnMvdmlzdWFsL3Jvb21zL2xheW91dC9pY29uLXVzZXItZ3JleS5zdmciIGFsdD0iaWNvbiBndWVzdHMgbnVtYmVyIiB3aWR0aD0iMjUiIC8+DQo8cCBjbGFzcz0ibXItMzAgIj4yIFBFUlNPTkFTPC9wPg0KDQo8L2Rpdj4NCjxkaXYgY2xhc3M9Imp1c3RpZnktY29udGVudC1zcGFjZWJldHdlZW4gbWItMTAiPg0KDQo8aW1nIGNsYXNzPSJtci0xMCIgc3JjPSJodHRwczovL3RvcnJlZGVicmluYXMuY29tL3dwLWNvbnRlbnQvcGx1Z2lucy9uZC1ib29raW5nL2FkZG9ucy92aXN1YWwvcm9vbXMvbGF5b3V0L2ljb24tcGxhbi1ncmV5LnN2ZyIgYWx0PSJpY29uIHN1cmZhY2Ugcm9vbSIgd2lkdGg9IjI1IiAvPg0KPHAgY2xhc3M9Im1yLTMwIj4xNSBtwrI8L3A+DQoNCjwvZGl2Pg0KPGRpdiBjbGFzcz0ianVzdGlmeS1jb250ZW50LXNwYWNlYmV0d2VlbiBtYi0xMCI+DQoNCjxpbWcgY2xhc3M9Im1yLTEwIiBzcmM9Imh0dHBzOi8vdG9ycmVkZWJyaW5hcy5jb20vd3AtY29udGVudC91cGxvYWRzLzIwMjMvMDMvaWNvbi1iZWQtZ3JleS5zdmciIGFsdD0iMTY1IOKCrCAvIFBFUiBOSUdIVCIgd2lkdGg9IjMwIiAvPg0KPHAgY2xhc3M9Im1yLTMwIj4xNjUg4oKsIC8gUE9SIE5PQ0hFPC9wPg0KDQo8L2Rpdj4NCjwvZGl2Pg==[\/vc_raw_html][\/vc_column][vc_column width=\u00bb1\/3&#8243;][vc_raw_html]JTNDZGl2JTNFJTNDYSUyMGNsYXNzJTNEJTIyYnRuLTItZGFyayUyMiUyMGhyZWYlM0QlMjJodHRwcyUzQSUyRiUyRmJvb2tpbmcuYXZpcmF0by5jb20lMkYlM0Zjb2RlJTNENzE3ODYwMTIlMjZzcGFjZVR5cGVJZCUzRDIlMjIlM0VCb29rJTIwbm93JTNDJTJGYSUzRSUzQyUyRmRpdiUzRQ==[\/vc_raw_html] <h4 style=\"color:#333333;padding:px;text-align:;font-size:12px;line-height:24px;letter-spacing: px;font-weight:normal\" class=\"   nd_options_second_font \">Por favor especifique en la reservaci\u00f3n si desea la habitaci\u00f3n doble con vista a la monta\u00f1a o con vista a la piscina. La asignaci\u00f3n se har\u00e1 en funci\u00f3n de la disponibilidad.<\/h4> [\/vc_column][\/vc_row][vc_row css=\u00bb.vc_custom_1678982345118{border-top-width: 2px !important;padding-top: 10px !important;padding-bottom: 10px !important;border-top-color: #eaeaea !important;border-top-style: solid !important;}\u00bb][vc_column width=\u00bb2\/3&#8243;][vc_column_text css=\u00bb.vc_custom_1678982373789{padding-top: 0px !important;padding-right: 15px !important;padding-bottom: 0px !important;padding-left: 15px !important;}\u00bb]Habitaci\u00f3n que combina el estilo r\u00fastico y moderno para garantizar una estancia m\u00e1s c\u00f3moda y memorable. Nuestras habitaciones dobles est\u00e1n equipadas con una cama king size y ropa de cama de calidad, Smart TV con canales internacionales, ba\u00f1o privado con ducha italiana, armario y aire acondicionado.[\/vc_column_text][\/vc_column][vc_column width=\u00bb1\/3&#8243;][\/vc_column][\/vc_row][vc_row][vc_column offset=\u00bbvc_hidden-xs\u00bb][vc_images_carousel images=\u00bb1856,1859,1853&#8243; img_size=\u00bblarge\u00bb autoplay=\u00bbyes\u00bb][\/vc_column][\/vc_row][vc_row equal_height=\u00bbyes\u00bb content_placement=\u00bbmiddle\u00bb][vc_column offset=\u00bbvc_hidden-lg vc_hidden-md vc_hidden-sm\u00bb][vc_images_carousel images=\u00bb1856,1859,1853&#8243; img_size=\u00bb300&#215;300&#8243; autoplay=\u00bbyes\u00bb][\/vc_column][\/vc_row][vc_row][vc_column][vc_column_text css=\u00bb.vc_custom_1679039875901{border-top-width: 2px !important;padding-top: 20px !important;border-top-color: rgba(234,234,234,0.67) !important;border-top-style: solid !important;}\u00bb]<\/p>\n<h2>Room services<\/h2>\n<p>[\/vc_column_text][\/vc_column][\/vc_row][vc_row][vc_column][vc_raw_html]PGRpdiBjbGFzcz0iZC1mbGV4Ij4NCjxkaXYgY2xhc3M9Imljb24tY29udGFpbmVyIj4NCjxkaXYgY2xhc3M9ImQtZmxleCBtci00MCBtYi0yMCI+DQoNCjxpbWcgY2xhc3M9Im1yLTEwIiBzcmM9Imh0dHBzOi8vdG9ycmVkZWJyaW5hcy5jb20vd3AtY29udGVudC91cGxvYWRzLzIwMjMvMDMvaWNvbi0xNC0xLnBuZyIgYWx0PSJzd2ltbWluZyBwb29sIiB3aWR0aD0iMjMiIGhlaWdodD0iMjUiIC8+DQo8cCBjbGFzcz0iIj5QaXNjaW5hPC9wPg0KDQo8L2Rpdj4NCjxkaXYgY2xhc3M9ImQtZmxleCBtci00MCBtYi0yMCI+DQoNCjxpbWcgY2xhc3M9Im1yLTEwIiBzcmM9Imh0dHBzOi8vdG9ycmVkZWJyaW5hcy5jb20vd3AtY29udGVudC91cGxvYWRzLzIwMjMvMDMvaWNvbi0xNC5wbmciIGFsdD0ibm8gc21va2luZyIgd2lkdGg9IjIzIiBoZWlnaHQ9IjI1IiAvPk5vIGZ1bWFyDQoNCjwvZGl2Pg0KPGRpdiBjbGFzcz0iZC1mbGV4IG1yLTQwIG1iLTIwIj4NCg0KPGltZyBjbGFzcz0ibXItMTAiIHNyYz0iaHR0cHM6Ly90b3JyZWRlYnJpbmFzLmNvbS93cC1jb250ZW50L3VwbG9hZHMvMjAyMy8wMy9pY29uLTEwLnBuZyIgYWx0PSJwcml2YXRlIGJhdGhyb29tIiB3aWR0aD0iMjMiIGhlaWdodD0iMjUiIC8+QmHDsW8gcHJpdmFkbw0KDQo8L2Rpdj4NCjwvZGl2Pg0KPGRpdiBjbGFzcz0iaWNvbi1jb250YWluZXIiPg0KPGRpdiBjbGFzcz0iZC1mbGV4IG1yLTIwIG1iLTIwIj4NCg0KPGltZyBjbGFzcz0ibXItMTAiIHNyYz0iaHR0cHM6Ly90b3JyZWRlYnJpbmFzLmNvbS93cC1jb250ZW50L3VwbG9hZHMvMjAyMy8wMy91c2IucG5nIiBhbHQ9ImNoYXJnZXIgdXNiIiB3aWR0aD0iMjMiIGhlaWdodD0iMjMiIC8+Q2FyZ2Fkb3IgVVNCDQoNCjwvZGl2Pg0KPGRpdiBjbGFzcz0iZC1mbGV4IG1yLTQwIG1iLTIwIj4NCg0KPGltZyBjbGFzcz0ibXItMTAiIHNyYz0iaHR0cHM6Ly90b3JyZWRlYnJpbmFzLmNvbS93cC1jb250ZW50L3VwbG9hZHMvMjAyMy8wMy9haXItY29uZGl0aW9uZXIucG5nIiBhbHQ9ImFpciBjb25kaXRpb25pbmciIHdpZHRoPSIyMyIgaGVpZ2h0PSIyNSIgLz5DbGltYXRpemFjacOzbg0KDQo8L2Rpdj4NCjxkaXYgY2xhc3M9ImQtZmxleCBtci00MCBtYi0yMCI+DQoNCjxpbWcgY2xhc3M9Im1yLTEwIiBzcmM9Imh0dHBzOi8vdG9ycmVkZWJyaW5hcy5jb20vd3AtY29udGVudC91cGxvYWRzLzIwMjMvMDMvY2FyLnBuZyIgYWx0PSJwcml2YXRlIGNhciBwYXJraW5nIiB3aWR0aD0iMjMiIGhlaWdodD0iMjAiIC8+QXBhcmNhbWllbnRvIHBhcmEgY29jaGVzDQoNCjwvZGl2Pg0KPC9kaXY+DQo8ZGl2IGNsYXNzPSJpY29uLWNvbnRhaW5lciI+DQo8ZGl2IGNsYXNzPSJkLWZsZXggbXItNDAgbWItMjAiPg0KDQo8aW1nIGNsYXNzPSJtci0xMCIgc3JjPSJodHRwczovL3RvcnJlZGVicmluYXMuY29tL3dwLWNvbnRlbnQvdXBsb2Fkcy8yMDIzLzAzL2Jpa2UucG5nIiBhbHQ9InByaXZhdGUgbW90b3JiaWtlIHBhcmtpbmciIHdpZHRoPSIyMyIgaGVpZ2h0PSIyNSIgLz5BcGFyY2FtaWVudG8gcGFyYSBtb3Rvcw0KDQo8L2Rpdj4NCjxkaXYgY2xhc3M9ImQtZmxleCBtci00MCBtYi0yMCI+DQoNCjxpbWcgY2xhc3M9Im1yLTEwIiBzcmM9Imh0dHBzOi8vdG9ycmVkZWJyaW5hcy5jb20vd3AtY29udGVudC91cGxvYWRzLzIwMjMvMDMvaWNvbi0xOC5wbmciIGFsdD0ic21hcnQgdHYiIHdpZHRoPSIyMyIgaGVpZ2h0PSIyNSIgLz5TbWFydCBUVg0KDQo8L2Rpdj4NCjxkaXYgY2xhc3M9ImQtZmxleCBtci00MCBtYi0yMCI+DQoNCjxpbWcgY2xhc3M9Im1yLTEwIiBzcmM9Imh0dHBzOi8vdG9ycmVkZWJyaW5hcy5jb20vd3AtY29udGVudC91cGxvYWRzLzIwMjMvMDMvaWNvbi0xMi5wbmciIGFsdD0ia2luZyBzaXplIGJlZCIgd2lkdGg9IjI1IiBoZWlnaHQ9IjI1IiAvPkNhbWEgS2luZyBTaXplDQoNCjwvZGl2Pg0KPC9kaXY+DQo8L2Rpdj4=[\/vc_raw_html][\/vc_column][\/vc_row]<\/p>\n","protected":false},"excerpt":{"rendered":"<p>[vc_row][vc_column][vc_column_text] Habitaci\u00f3n doble con vista a la monta\u00f1a [\/vc_column_text][\/vc_column][\/vc_row][vc_row][vc_column width=\u00bb2\/3&#8243;][vc_raw_html css=\u00bb.vc_custom_1679068042945{padding-bottom: 20px !important;}\u00bb]PGRpdiBpZD0ibmRfYm9va2luZ19zaW5nbGVfY3B0XzFfc3VidGl0bGUiIGNsYXNzPSJuZF9ib29raW5nX3NlY3Rpb24gbmRfYm9va2luZ19kaXNwbGF5X2lubGluZV9ibG9ja19hbGxfaXBob25lIG5kX2Jvb2tpbmdfd2lkdGhfaW5pdGlhbF9hbGxfaXBob25lIG5kX2Jvb2tpbmdfZmxvYXRfaW5pdGlhbF9hbGxfaXBob25lIj4NCjxwIGNsYXNzPSIgbmRfYm9va2luZ19mbG9hdF9sZWZ0IG5kX2Jvb2tpbmdfbGV0dGVyX3NwYWNpbmdfMiI+PHNwYW4gY2xhc3M9Im5kX2Jvb2tpbmdfbWFyZ2luX3JpZ2h0XzEwIG5kX2Jvb2tpbmdfdGV4dF90cmFuc2Zvcm1fdXBwZXJjYXNlIj5GaW5jYSBUb3JyZSBkZSBCcmnDsWFzIFJlc29ydDwvc3Bhbj48L3A+DQo8aW1nIGNsYXNzPSJuZF9ib29raW5nX21hcmdpbl9yaWdodF81IG5kX2Jvb2tpbmdfZmxvYXRfbGVmdCBuZF9ib29raW5nX21hcmdpbl90b3BfNSIgc3JjPSJodHRwczovL3RvcnJlZGVicmluYXMuY29tL3dwLWNvbnRlbnQvcGx1Z2lucy9uZC1ib29raW5nL3RlbXBsYXRlcy9pY29uLXN0YXItZnVsbC1ncmV5LnN2ZyIgYWx0PSIiIHdpZHRoPSIxNSIgLz48aW1nIGNsYXNzPSJuZF9ib29raW5nX21hcmdpbl9yaWdodF81IG5kX2Jvb2tpbmdfZmxvYXRfbGVmdCBuZF9ib29raW5nX21hcmdpbl90b3BfNSIgc3JjPSJodHRwczovL3RvcnJlZGVicmluYXMuY29tL3dwLWNvbnRlbnQvcGx1Z2lucy9uZC1ib29raW5nL3RlbXBsYXRlcy9pY29uLXN0YXItZnVsbC1ncmV5LnN2ZyIgYWx0PSIiIHdpZHRoPSIxNSIgLz48aW1nIGNsYXNzPSJuZF9ib29raW5nX21hcmdpbl9yaWdodF81IG5kX2Jvb2tpbmdfZmxvYXRfbGVmdCBuZF9ib29raW5nX21hcmdpbl90b3BfNSIgc3JjPSJodHRwczovL3RvcnJlZGVicmluYXMuY29tL3dwLWNvbnRlbnQvcGx1Z2lucy9uZC1ib29raW5nL3RlbXBsYXRlcy9pY29uLXN0YXItZnVsbC1ncmV5LnN2ZyIgYWx0PSIiIHdpZHRoPSIxNSIgLz4NCg0KPC9kaXY+[\/vc_raw_html][vc_single_image image=\u00bb1849&#8243; img_size=\u00bblarge\u00bb alignment=\u00bbcenter\u00bb][vc_raw_html]PGRpdiBjbGFzcz0iZC1mbGV4IG10LTIwIG1sLTEwIj4NCjxkaXYgY2xhc3M9Imp1c3RpZnktY29udGVudC1zcGFjZWJldHdlZW4gbWItMTAiPg0KDQo8aW1nIGNsYXNzPSJtci0xMCAiIHNyYz0iaHR0cHM6Ly90b3JyZWRlYnJpbmFzLmNvbS93cC1jb250ZW50L3BsdWdpbnMvbmQtYm9va2luZy9hZGRvbnMvdmlzdWFsL3Jvb21zL2xheW91dC9pY29uLXVzZXItZ3JleS5zdmciIGFsdD0iaWNvbiBndWVzdHMgbnVtYmVyIiB3aWR0aD0iMjUiIC8+DQo8cCBjbGFzcz0ibXItMzAgIj4yIFBFUlNPTkFTPC9wPg0KDQo8L2Rpdj4NCjxkaXYgY2xhc3M9Imp1c3RpZnktY29udGVudC1zcGFjZWJldHdlZW4gbWItMTAiPg0KDQo8aW1nIGNsYXNzPSJtci0xMCIgc3JjPSJodHRwczovL3RvcnJlZGVicmluYXMuY29tL3dwLWNvbnRlbnQvcGx1Z2lucy9uZC1ib29raW5nL2FkZG9ucy92aXN1YWwvcm9vbXMvbGF5b3V0L2ljb24tcGxhbi1ncmV5LnN2ZyIgYWx0PSJpY29uIHN1cmZhY2Ugcm9vbSIgd2lkdGg9IjI1IiAvPg0KPHAgY2xhc3M9Im1yLTMwIj4xNSBtwrI8L3A+DQoNCjwvZGl2Pg0KPGRpdiBjbGFzcz0ianVzdGlmeS1jb250ZW50LXNwYWNlYmV0d2VlbiBtYi0xMCI+DQoNCjxpbWcgY2xhc3M9Im1yLTEwIiBzcmM9Imh0dHBzOi8vdG9ycmVkZWJyaW5hcy5jb20vd3AtY29udGVudC91cGxvYWRzLzIwMjMvMDMvaWNvbi1iZWQtZ3JleS5zdmciIGFsdD0iMTY1IOKCrCAvIFBFUiBOSUdIVCIgd2lkdGg9IjMwIiAvPg0KPHAgY2xhc3M9Im1yLTMwIj4xNjUg4oKsIC8gUE9SIE5PQ0hFPC9wPg0KDQo8L2Rpdj4NCjwvZGl2Pg==[\/vc_raw_html][\/vc_column][vc_column width=\u00bb1\/3&#8243;][vc_raw_html]JTNDZGl2JTNFJTNDYSUyMGNsYXNzJTNEJTIyYnRuLTItZGFyayUyMiUyMGhyZWYlM0QlMjJodHRwcyUzQSUyRiUyRmJvb2tpbmcuYXZpcmF0by5jb20lMkYlM0Zjb2RlJTNENzE3ODYwMTIlMjZzcGFjZVR5cGVJZCUzRDIlMjIlM0VCb29rJTIwbm93JTNDJTJGYSUzRSUzQyUyRmRpdiUzRQ==[\/vc_raw_html][\/vc_column][\/vc_row][vc_row css=\u00bb.vc_custom_1678982345118{border-top-width: 2px !important;padding-top: 10px !important;padding-bottom: 10px !important;border-top-color: #eaeaea !important;border-top-style: solid !important;}\u00bb][vc_column width=\u00bb2\/3&#8243;][vc_column_text css=\u00bb.vc_custom_1678982373789{padding-top: 0px !important;padding-right: 15px !important;padding-bottom: 0px !important;padding-left: 15px !important;}\u00bb]Habitaci\u00f3n que combina el estilo r\u00fastico y moderno para garantizar una estancia m\u00e1s c\u00f3moda y memorable. Nuestras habitaciones [&hellip;]<\/p>\n","protected":false},"author":2,"featured_media":1851,"parent":0,"menu_order":0,"comment_status":"closed","ping_status":"closed","template":"","meta":[],"yoast_head":"<!-- This site is optimized with the Yoast SEO plugin v21.1 - https:\/\/yoast.com\/wordpress\/plugins\/seo\/ -->\n<title>Habitaci\u00f3n doble con vista a la monta\u00f1a - Finca Torre de Bri\u00f1as<\/title>\n<meta name=\"description\" content=\"Reserva nuestra hermosa habitaci\u00f3n con vista a la monta\u00f1a, 150\u20ac por noche con desayuno incluido. Vive una estancia relajante en La Rioja.\" \/>\n<meta name=\"robots\" content=\"index, follow, max-snippet:-1, max-image-preview:large, max-video-preview:-1\" \/>\n<link rel=\"canonical\" href=\"https:\/\/torredebrinas.com\/double-room-mountain-view\/\" \/>\n<meta property=\"og:locale\" content=\"es_ES\" \/>\n<meta property=\"og:type\" content=\"article\" \/>\n<meta property=\"og:title\" content=\"Habitaci\u00f3n doble con vista a la monta\u00f1a - Finca Torre de Bri\u00f1as\" \/>\n<meta property=\"og:description\" content=\"Reserva nuestra hermosa habitaci\u00f3n con vista a la monta\u00f1a, 150\u20ac por noche con desayuno incluido. Vive una estancia relajante en La Rioja.\" \/>\n<meta property=\"og:url\" content=\"https:\/\/torredebrinas.com\/double-room-mountain-view\/\" \/>\n<meta property=\"og:site_name\" content=\"Finca Torre de Bri\u00f1as\" \/>\n<meta property=\"article:modified_time\" content=\"2023-04-17T10:15:10+00:00\" \/>\n<meta property=\"og:image\" content=\"https:\/\/torredebrinas.com\/wp-content\/uploads\/2020\/07\/chambre1.png\" \/>\n\t<meta property=\"og:image:width\" content=\"1351\" \/>\n\t<meta property=\"og:image:height\" content=\"900\" \/>\n\t<meta property=\"og:image:type\" content=\"image\/png\" \/>\n<meta name=\"twitter:card\" content=\"summary_large_image\" \/>\n<meta name=\"twitter:label1\" content=\"Tiempo de lectura\" \/>\n\t<meta name=\"twitter:data1\" content=\"1 minuto\" \/>\n<script type=\"application\/ld+json\" class=\"yoast-schema-graph\">{\"@context\":\"https:\/\/schema.org\",\"@graph\":[{\"@type\":\"WebPage\",\"@id\":\"https:\/\/torredebrinas.com\/double-room-mountain-view\/\",\"url\":\"https:\/\/torredebrinas.com\/double-room-mountain-view\/\",\"name\":\"Habitaci\u00f3n doble con vista a la monta\u00f1a - Finca Torre de Bri\u00f1as\",\"isPartOf\":{\"@id\":\"https:\/\/torredebrinas.com\/#website\"},\"datePublished\":\"2023-03-21T09:55:43+00:00\",\"dateModified\":\"2023-04-17T10:15:10+00:00\",\"description\":\"Reserva nuestra hermosa habitaci\u00f3n con vista a la monta\u00f1a, 150\u20ac por noche con desayuno incluido. Vive una estancia relajante en La Rioja.\",\"breadcrumb\":{\"@id\":\"https:\/\/torredebrinas.com\/double-room-mountain-view\/#breadcrumb\"},\"inLanguage\":\"es\",\"potentialAction\":[{\"@type\":\"ReadAction\",\"target\":[\"https:\/\/torredebrinas.com\/double-room-mountain-view\/\"]}]},{\"@type\":\"BreadcrumbList\",\"@id\":\"https:\/\/torredebrinas.com\/double-room-mountain-view\/#breadcrumb\",\"itemListElement\":[{\"@type\":\"ListItem\",\"position\":1,\"name\":\"Home\",\"item\":\"https:\/\/torredebrinas.com\/\"},{\"@type\":\"ListItem\",\"position\":2,\"name\":\"Habitaci\u00f3n doble con vista a la monta\u00f1a\"}]},{\"@type\":\"WebSite\",\"@id\":\"https:\/\/torredebrinas.com\/#website\",\"url\":\"https:\/\/torredebrinas.com\/\",\"name\":\"Finca Torre de Bri\u00f1as\",\"description\":\"Holidays in La Rioja\",\"potentialAction\":[{\"@type\":\"SearchAction\",\"target\":{\"@type\":\"EntryPoint\",\"urlTemplate\":\"https:\/\/torredebrinas.com\/?s={search_term_string}\"},\"query-input\":\"required name=search_term_string\"}],\"inLanguage\":\"es\"}]}<\/script>\n<!-- \/ Yoast SEO plugin. -->","yoast_head_json":{"title":"Habitaci\u00f3n doble con vista a la monta\u00f1a - Finca Torre de Bri\u00f1as","description":"Reserva nuestra hermosa habitaci\u00f3n con vista a la monta\u00f1a, 150\u20ac por noche con desayuno incluido. Vive una estancia relajante en La Rioja.","robots":{"index":"index","follow":"follow","max-snippet":"max-snippet:-1","max-image-preview":"max-image-preview:large","max-video-preview":"max-video-preview:-1"},"canonical":"https:\/\/torredebrinas.com\/double-room-mountain-view\/","og_locale":"es_ES","og_type":"article","og_title":"Habitaci\u00f3n doble con vista a la monta\u00f1a - Finca Torre de Bri\u00f1as","og_description":"Reserva nuestra hermosa habitaci\u00f3n con vista a la monta\u00f1a, 150\u20ac por noche con desayuno incluido. Vive una estancia relajante en La Rioja.","og_url":"https:\/\/torredebrinas.com\/double-room-mountain-view\/","og_site_name":"Finca Torre de Bri\u00f1as","article_modified_time":"2023-04-17T10:15:10+00:00","og_image":[{"width":1351,"height":900,"url":"https:\/\/torredebrinas.com\/wp-content\/uploads\/2020\/07\/chambre1.png","type":"image\/png"}],"twitter_card":"summary_large_image","twitter_misc":{"Tiempo de lectura":"1 minuto"},"schema":{"@context":"https:\/\/schema.org","@graph":[{"@type":"WebPage","@id":"https:\/\/torredebrinas.com\/double-room-mountain-view\/","url":"https:\/\/torredebrinas.com\/double-room-mountain-view\/","name":"Habitaci\u00f3n doble con vista a la monta\u00f1a - Finca Torre de Bri\u00f1as","isPartOf":{"@id":"https:\/\/torredebrinas.com\/#website"},"datePublished":"2023-03-21T09:55:43+00:00","dateModified":"2023-04-17T10:15:10+00:00","description":"Reserva nuestra hermosa habitaci\u00f3n con vista a la monta\u00f1a, 150\u20ac por noche con desayuno incluido. Vive una estancia relajante en La Rioja.","breadcrumb":{"@id":"https:\/\/torredebrinas.com\/double-room-mountain-view\/#breadcrumb"},"inLanguage":"es","potentialAction":[{"@type":"ReadAction","target":["https:\/\/torredebrinas.com\/double-room-mountain-view\/"]}]},{"@type":"BreadcrumbList","@id":"https:\/\/torredebrinas.com\/double-room-mountain-view\/#breadcrumb","itemListElement":[{"@type":"ListItem","position":1,"name":"Home","item":"https:\/\/torredebrinas.com\/"},{"@type":"ListItem","position":2,"name":"Habitaci\u00f3n doble con vista a la monta\u00f1a"}]},{"@type":"WebSite","@id":"https:\/\/torredebrinas.com\/#website","url":"https:\/\/torredebrinas.com\/","name":"Finca Torre de Bri\u00f1as","description":"Holidays in La Rioja","potentialAction":[{"@type":"SearchAction","target":{"@type":"EntryPoint","urlTemplate":"https:\/\/torredebrinas.com\/?s={search_term_string}"},"query-input":"required name=search_term_string"}],"inLanguage":"es"}]}},"_links":{"self":[{"href":"https:\/\/torredebrinas.com\/es\/wp-json\/wp\/v2\/pages\/3070"}],"collection":[{"href":"https:\/\/torredebrinas.com\/es\/wp-json\/wp\/v2\/pages"}],"about":[{"href":"https:\/\/torredebrinas.com\/es\/wp-json\/wp\/v2\/types\/page"}],"author":[{"embeddable":true,"href":"https:\/\/torredebrinas.com\/es\/wp-json\/wp\/v2\/users\/2"}],"replies":[{"embeddable":true,"href":"https:\/\/torredebrinas.com\/es\/wp-json\/wp\/v2\/comments?post=3070"}],"version-history":[{"count":7,"href":"https:\/\/torredebrinas.com\/es\/wp-json\/wp\/v2\/pages\/3070\/revisions"}],"predecessor-version":[{"id":3688,"href":"https:\/\/torredebrinas.com\/es\/wp-json\/wp\/v2\/pages\/3070\/revisions\/3688"}],"wp:featuredmedia":[{"embeddable":true,"href":"https:\/\/torredebrinas.com\/es\/wp-json\/wp\/v2\/media\/1851"}],"wp:attachment":[{"href":"https:\/\/torredebrinas.com\/es\/wp-json\/wp\/v2\/media?parent=3070"}],"curies":[{"name":"wp","href":"https:\/\/api.w.org\/{rel}","templated":true}]}}