{"id":1769,"date":"2017-08-23T14:52:34","date_gmt":"2017-08-23T14:52:34","guid":{"rendered":"http:\/\/torredebrinas.com\/around-us\/"},"modified":"2021-08-30T09:48:34","modified_gmt":"2021-08-30T07:48:34","slug":"que-faire","status":"publish","type":"page","link":"https:\/\/torredebrinas.com\/fr\/que-faire\/","title":{"rendered":"Que faire \u00e0 Brinas ?"},"content":{"rendered":"<p>[vc_row full_width=\u00a0\u00bbstretch_row_content_no_spaces\u00a0\u00bb css=\u00a0\u00bb.vc_custom_1594904106915{background-image: url(https:\/\/torredebrinas.com\/wp-content\/uploads\/2020\/07\/travel-2650303_1920-1.jpg?id=1693) !important;background-position: center !important;background-repeat: no-repeat !important;background-size: cover !important;}\u00a0\u00bb el_class=\u00a0\u00bbnd_options_overflow_visible_important\u00a0\u00bb][vc_column][vc_row_inner css=\u00a0\u00bb.vc_custom_1486118361106{padding-top: 100px !important;padding-bottom: 100px !important;}\u00a0\u00bb el_class=\u00a0\u00bbnd_options_bg_greydark_alpha_gradient_3&Prime;][vc_column_inner width=\u00a0\u00bb1\/3&Prime;][\/vc_column_inner][vc_column_inner width=\u00a0\u00bb1\/3&Prime; css=\u00a0\u00bb.vc_custom_1486118458781{padding: 20px !important;}\u00a0\u00bb] <h1 style=\"color:#ffffff;padding:px;text-align:center;font-size:55px;line-height:55px;letter-spacing: px;font-weight:normal\" class=\"  nd_options_font_size_40_important_all_iphone nd_options_line_height_40_important_all_iphone nd_options_first_font \">QUE FAIRE \u00c0 BRI\u00d1AS ?<\/h1> <div style=\"background-color:;height: 20px\" class=\"nicdark_section  \"><\/div> <p style=\"color:#ffffff;padding:px;text-align:center;font-size:px;line-height:px;letter-spacing: 2px;font-weight:lighter\" class=\"   nd_options_second_font \">D\u00c9COUVREZ LES ATTRACTIONS TOURISTIQUES PHARES \u00c0 BRI\u00d1AS<\/p> <div style=\"background-color:;height: 40px\" class=\"nicdark_section  \"><\/div>[\/vc_column_inner][vc_column_inner width=\u00a0\u00bb1\/3&Prime;][\/vc_column_inner][\/vc_row_inner][\/vc_column][\/vc_row][vc_row css=\u00a0\u00bb.vc_custom_1503500566808{margin-top: 50px !important;margin-bottom: 50px !important;}\u00a0\u00bb][vc_column css=\u00a0\u00bb.vc_custom_1486118015473{padding-right: 0px !important;padding-left: 0px !important;}\u00a0\u00bb][\/vc_column][\/vc_row][vc_row][vc_column width=\u00a0\u00bb1\/3&Prime;]\n    <div style=\"text-align:\" class=\"nd_options_section\">\n      <img alt=\"\" style=\"width:100%\" class=\" nd_options_margin_0 nd_options_padding_0 \" src=\"https:\/\/torredebrinas.com\/wp-content\/uploads\/2017\/08\/Haro-1024x676.png\">\n    <\/div>\n   <div style=\"background-color:;height: 10px\" class=\"nicdark_section  \"><\/div>[vc_column_text]<\/p>\n<h3 style=\"text-align: left;\">EXPLOREZ HARO<\/h3>\n<p>[\/vc_column_text]\n    <div class=\"nd_options_section nd_options_line_height_0  nd_options_text_align_left \">\n        <span style=\"height:2px;width:30px;background-color:#4f4f4f\" class=\"nd_options_display_inline_block\"><\/span>\n    <\/div>\n   [vc_column_text]Si vous \u00eates un amoureux du vin vous ne pouvez pas passer \u00e0 c\u00f4t\u00e9 de Haro qui est la capitale espagnole du vin ! La Rioja est une r\u00e9gion qui comptes plus de 500 vignobles.[\/vc_column_text][\/vc_column][vc_column width=\u00a0\u00bb1\/3&Prime;]\n    <div style=\"text-align:\" class=\"nd_options_section\">\n      <img alt=\"\" style=\"width:100%\" class=\" nd_options_margin_0 nd_options_padding_0 \" src=\"https:\/\/torredebrinas.com\/wp-content\/uploads\/2020\/07\/purple-grapes-553463_1920-1024x683.jpg\">\n    <\/div>\n   <div style=\"background-color:;height: 10px\" class=\"nicdark_section  \"><\/div>[vc_column_text]<\/p>\n<h3 style=\"text-align: left;\">VIGNOBLES DE LA RIOJA<\/h3>\n<p>[\/vc_column_text]\n    <div class=\"nd_options_section nd_options_line_height_0  nd_options_text_align_left \">\n        <span style=\"height:2px;width:30px;background-color:#4f4f4f\" class=\"nd_options_display_inline_block\"><\/span>\n    <\/div>\n   [vc_column_text]La Rioja est une r\u00e9gion du nord de l&rsquo;Espagne qui est entour\u00e9e de vignobles. La r\u00e9gion offre une grande vari\u00e9t\u00e9 de vins aux caract\u00e9ristiques et aux saveurs distinctes. Le terroir, la vigne, le raisin, la cave, etc. jouent tous un r\u00f4le essentiel dans la production finale ![\/vc_column_text][\/vc_column][vc_column width=\u00a0\u00bb1\/3&Prime;]\n    <div style=\"text-align:\" class=\"nd_options_section\">\n      <img alt=\"\" style=\"width:100%\" class=\" nd_options_margin_0 nd_options_padding_0 \" src=\"https:\/\/torredebrinas.com\/wp-content\/uploads\/2017\/08\/cathedral-Santo-Domingo-de-la-Calzada.png\">\n    <\/div>\n   <div style=\"background-color:;height: 10px\" class=\"nicdark_section  \"><\/div>[vc_column_text]<\/p>\n<h3 style=\"text-align: left;\">CATEDRAL DE SANTO DOMINGO<\/h3>\n<p>[\/vc_column_text]\n    <div class=\"nd_options_section nd_options_line_height_0  nd_options_text_align_left \">\n        <span style=\"height:2px;width:30px;background-color:#4f4f4f\" class=\"nd_options_display_inline_block\"><\/span>\n    <\/div>\n   [vc_column_text]Ses origines remontent \u00e0 l&rsquo;an 1158, date de commencement de sa construction. Aux XIV<sup>e<\/sup>\u00a0et XVI<sup>e<\/sup> si\u00e8cles, elle connut plusieurs modifications avant d&rsquo;adopter son aspect actuel. Structur\u00e9e comme une \u00e9glise de p\u00e8lerins typique, \u00e0 l&rsquo;int\u00e9rieur, ce qui attire le plus l&rsquo;attention, c&rsquo;est le poulailler dans lequel vivent une poule et un coq blancs, en souvenir du \u00ab\u00a0<em>Miracle du P\u00e8lerin Pendu<\/em>\u00ab\u00a0.[\/vc_column_text][\/vc_column][\/vc_row][vc_row][vc_column width=\u00a0\u00bb1\/3\u00a0\u00bb]\n    <div style=\"text-align:\" class=\"nd_options_section\">\n      <img alt=\"\" style=\"width:100%\" class=\" nd_options_margin_0 nd_options_padding_0 \" src=\"https:\/\/torredebrinas.com\/wp-content\/uploads\/2021\/08\/bike-torredebrinas-1-1024x688.jpg\">\n    <\/div>\n   <div style=\"background-color:;height: 10px\" class=\"nicdark_section  \"><\/div>[vc_column_text]<\/p>\n<h3 class=\"p1\">CIRCUITS V\u00c9LO<\/h3>\n<p>[\/vc_column_text]\n    <div class=\"nd_options_section nd_options_line_height_0  nd_options_text_align_left \">\n        <span style=\"height:2px;width:30px;background-color:#4f4f4f\" class=\"nd_options_display_inline_block\"><\/span>\n    <\/div>\n   [vc_column_text]Vous aimez faire du v\u00e9lo ? Vous trouverez de magnifiques parcours \u00e0 travers les vignobles ou m\u00eame \u00e0 travers les montagnes. En fonction de votre niveau et de la dur\u00e9e, nous pouvons vous aider \u00e0 trouver le parcours qui vous convient.[\/vc_column_text][\/vc_column][vc_column width=\u00a0\u00bb1\/3&Prime;]\n    <div style=\"text-align:\" class=\"nd_options_section\">\n      <img alt=\"\" style=\"width:100%\" class=\" nd_options_margin_0 nd_options_padding_0 \" src=\"https:\/\/torredebrinas.com\/wp-content\/uploads\/2020\/07\/unnamed-file-1024x665.jpg\">\n    <\/div>\n   <div style=\"background-color:;height: 10px\" class=\"nicdark_section  \"><\/div>[vc_column_text]<\/p>\n<h3 class=\"p1\"><b>MONASTERIO DE SAN MILL\u00c1N<\/b><\/h3>\n<p>[\/vc_column_text]\n    <div class=\"nd_options_section nd_options_line_height_0  nd_options_text_align_left \">\n        <span style=\"height:2px;width:30px;background-color:#4f4f4f\" class=\"nd_options_display_inline_block\"><\/span>\n    <\/div>\n   [vc_column_text]Les origines du monast\u00e8re remontent \u00e0 l&rsquo;\u00e9poque wisigothique. Le monast\u00e8re de Suso a vu na\u00eetre les premiers mots de castillan, et les premiers po\u00e8mes en espagnol. Il est class\u00e9 au patrimoine de l&rsquo;humanit\u00e9 depuis le 4 d\u00e9cembre 1997.[\/vc_column_text][\/vc_column][vc_column width=\u00a0\u00bb1\/3&Prime;]\n    <div style=\"text-align:\" class=\"nd_options_section\">\n      <img alt=\"\" style=\"width:100%\" class=\" nd_options_margin_0 nd_options_padding_0 \" src=\"https:\/\/torredebrinas.com\/wp-content\/uploads\/2020\/07\/green-leafed-trees-during-fog-time-167684-2-1024x660.jpg\">\n    <\/div>\n   <div style=\"background-color:;height: 10px\" class=\"nicdark_section  \"><\/div>[vc_column_text]<\/p>\n<h3 style=\"text-align: left;\">RIVI\u00c8RES ET VALL\u00c9ES<\/h3>\n<p>[\/vc_column_text]\n    <div class=\"nd_options_section nd_options_line_height_0  nd_options_text_align_left \">\n        <span style=\"height:2px;width:30px;background-color:#4f4f4f\" class=\"nd_options_display_inline_block\"><\/span>\n    <\/div>\n   [vc_column_text]La Rioja est class\u00e9e au rang de r\u00e9serve mondiale de biosph\u00e8re par l&rsquo;UNESCO, elle est \u00e9galement reconnue comme une destination touristique id\u00e9ale pour observer les \u00e9toiles. D\u00e9couvrez la r\u00e9serve de biosph\u00e8re Valles de los R\u00edos Leza, Jubera, Cidacos et la rivi\u00e8re Alhama.[\/vc_column_text][\/vc_column][\/vc_row][vc_row][vc_column width=\u00a0\u00bb1\/3&Prime;]\n    <div style=\"text-align:\" class=\"nd_options_section\">\n      <img alt=\"\" style=\"width:100%\" class=\" nd_options_margin_0 nd_options_padding_0 \" src=\"https:\/\/torredebrinas.com\/wp-content\/uploads\/2020\/07\/sajazarra.png\">\n    <\/div>\n   <div style=\"background-color:;height: 10px\" class=\"nicdark_section  \"><\/div>[vc_column_text]<\/p>\n<h3 class=\"p1\"><b>SAJAZARRA<\/b><\/h3>\n<p>[\/vc_column_text]\n    <div class=\"nd_options_section nd_options_line_height_0  nd_options_text_align_left \">\n        <span style=\"height:2px;width:30px;background-color:#4f4f4f\" class=\"nd_options_display_inline_block\"><\/span>\n    <\/div>\n   [vc_column_text]<\/p>\n<p class=\"p1\">Le village est un ensemble fortifi\u00e9 historique et artistique avec des arcs ogivaux sur ses murs. L&rsquo;impressionnant ch\u00e2teau datant du 14\u00e8me si\u00e8cle est l&rsquo;un des mieux r\u00e9nov\u00e9s de La Rioja. L&rsquo;\u00e9glise de la Asunci\u00f3n, datant des XIIe et XIIIe si\u00e8cles, pr\u00e9sente diff\u00e9rents styles et se trouve \u00e0 c\u00f4t\u00e9 du ch\u00e2teau. Son int\u00e9rieur abrite une image de la &lsquo;vierge de La Antigua&rsquo;.<\/p>\n<p>[\/vc_column_text][\/vc_column][vc_column width=\u00a0\u00bb1\/3&Prime;]\n    <div style=\"text-align:\" class=\"nd_options_section\">\n      <img alt=\"\" style=\"width:100%\" class=\" nd_options_margin_0 nd_options_padding_0 \" src=\"https:\/\/torredebrinas.com\/wp-content\/uploads\/2020\/07\/laguardia-1024x683.jpg\">\n    <\/div>\n   <div style=\"background-color:;height: 10px\" class=\"nicdark_section  \"><\/div>[vc_column_text]<\/p>\n<h3 class=\"p1\"><b>VILLAGE <\/b><b>M\u00c9DI\u00c9VAL LAGUARDIA<\/b><\/h3>\n<p>[\/vc_column_text]\n    <div class=\"nd_options_section nd_options_line_height_0  nd_options_text_align_left \">\n        <span style=\"height:2px;width:30px;background-color:#4f4f4f\" class=\"nd_options_display_inline_block\"><\/span>\n    <\/div>\n   [vc_column_text]<\/p>\n<p class=\"p1\">Cette ville m\u00e9di\u00e9vale a \u00e9t\u00e9 fond\u00e9e au Xe si\u00e8cle pour d\u00e9fendre le Royaume de Navarre. Les rues de Laguardia sont remplies de splendides b\u00e2timents m\u00e9di\u00e9vaux, de la Renaissance, baroques et n\u00e9oclassiques. Les vestiges de ses murailles vous transporteront dans le temps.<\/p>\n<p>[\/vc_column_text][\/vc_column][vc_column width=\u00a0\u00bb1\/3&Prime;]\n    <div style=\"text-align:\" class=\"nd_options_section\">\n      <img alt=\"\" style=\"width:100%\" class=\" nd_options_margin_0 nd_options_padding_0 \" src=\"https:\/\/torredebrinas.com\/wp-content\/uploads\/2020\/07\/market.jpg\">\n    <\/div>\n   <div style=\"background-color:;height: 10px\" class=\"nicdark_section  \"><\/div>[vc_column_text]<\/p>\n<h3 class=\"p1\"><b>MARCH\u00c9 DE SAN BLAS<\/b><\/h3>\n<p>[\/vc_column_text]\n    <div class=\"nd_options_section nd_options_line_height_0  nd_options_text_align_left \">\n        <span style=\"height:2px;width:30px;background-color:#4f4f4f\" class=\"nd_options_display_inline_block\"><\/span>\n    <\/div>\n   [vc_column_text]Le march\u00e9 de San Blas est un march\u00e9 couvert sur 3 \u00e9tages situ\u00e9 dans le quartier de<br \/>\nl&rsquo;ancienne ville de Logro\u00f1o, capitale de la communaut\u00e9 autonome de<br \/>\nLa Rioja. Il a \u00e9t\u00e9 inaugur\u00e9 en 1930, \u0153uvre du prestigieux architecte Ferm\u00edn \u00c1lamo de Logro\u00f1o.[\/vc_column_text][\/vc_column][\/vc_row][vc_row][vc_column width=\u00a0\u00bb1\/3&Prime;]\n    <div style=\"text-align:\" class=\"nd_options_section\">\n      <img alt=\"\" style=\"width:100%\" class=\" nd_options_margin_0 nd_options_padding_0 \" src=\"https:\/\/torredebrinas.com\/wp-content\/uploads\/2020\/07\/freerider-498473_1920-1024x662.jpg\">\n    <\/div>\n   <div style=\"background-color:;height: 10px\" class=\"nicdark_section  \"><\/div>[vc_column_text]<\/p>\n<h3 class=\"p1\">STATION DE SKI VALDEZCARAY<\/h3>\n<p>[\/vc_column_text]\n    <div class=\"nd_options_section nd_options_line_height_0  nd_options_text_align_left \">\n        <span style=\"height:2px;width:30px;background-color:#4f4f4f\" class=\"nd_options_display_inline_block\"><\/span>\n    <\/div>\n   [vc_column_text]Station situ\u00e9e au pied de la sierra la plus haute de Castille, le \u00ab San Lorenzo \u00bb, t\u00e9moin privil\u00e9gi\u00e9 de l&rsquo;\u00e9closion de la ville d\u2019Ezcaray. La rivi\u00e8re Oja prend sa source dans ce v\u00e9ritable paradis de la nature, mis \u00e0 part le ski, il est donc possible de r\u00e9aliser des activit\u00e9s comme la chasse, la p\u00eache, l\u2019alpinisme, le tennis, la natation, l\u2019\u00e9quitation, etc.[\/vc_column_text][\/vc_column][vc_column width=\u00a0\u00bb1\/3&Prime;]\n    <div style=\"text-align:\" class=\"nd_options_section\">\n      <img alt=\"\" style=\"width:100%\" class=\" nd_options_margin_0 nd_options_padding_0 \" src=\"https:\/\/torredebrinas.com\/wp-content\/uploads\/2021\/08\/cheminee.jpg\">\n    <\/div>\n   <div style=\"background-color:;height: 10px\" class=\"nicdark_section  \"><\/div>[vc_column_text]<\/p>\n<h3 class=\"p1\"><b>CHIMEN<\/b>\u00c9<b>ES DE LAS BODEGAS<\/b><\/h3>\n<p>[\/vc_column_text]\n    <div class=\"nd_options_section nd_options_line_height_0  nd_options_text_align_left \">\n        <span style=\"height:2px;width:30px;background-color:#4f4f4f\" class=\"nd_options_display_inline_block\"><\/span>\n    <\/div>\n   [vc_column_text]Au-dessus de l&rsquo;ancien quartier des caves, on voit d\u00e9passer les chemin\u00e9es qui servaient \u00e0 ventiler les caves et \u00e0 expulser le gaz carbonique form\u00e9 par la fermentation du raisin.[\/vc_column_text][\/vc_column][vc_column width=\u00a0\u00bb1\/3&Prime;]\n    <div style=\"text-align:\" class=\"nd_options_section\">\n      <img alt=\"\" style=\"width:100%\" class=\" nd_options_margin_0 nd_options_padding_0 \" src=\"https:\/\/torredebrinas.com\/wp-content\/uploads\/2021\/08\/hot-air-balloon-1024x662.jpg\">\n    <\/div>\n   <div style=\"background-color:;height: 10px\" class=\"nicdark_section  \"><\/div>[vc_column_text]<\/p>\n<h3 style=\"text-align: left;\">MONTGOLFI\u00c8RE<\/h3>\n<p>[\/vc_column_text]\n    <div class=\"nd_options_section nd_options_line_height_0  nd_options_text_align_left \">\n        <span style=\"height:2px;width:30px;background-color:#4f4f4f\" class=\"nd_options_display_inline_block\"><\/span>\n    <\/div>\n   [vc_column_text]Saviez-vous que vous pouvez r\u00e9server un vol en montgolfi\u00e8re avec d\u00e9jeuner depuis notre h\u00f4tel pendant votre s\u00e9jour ? Admirez les vignobles et les magnifiques paysages montagneux.[\/vc_column_text][\/vc_column][\/vc_row][vc_row][vc_column][\/vc_column][\/vc_row][vc_row full_width=\u00a0\u00bbstretch_row_content_no_spaces\u00a0\u00bb css_animation=\u00a0\u00bbzoomIn\u00a0\u00bb css=\u00a0\u00bb.vc_custom_1594907396011{background-image: url(https:\/\/torredebrinas.com\/wp-content\/uploads\/2020\/07\/vue-aerienne-TB.png?id=1562) !important;background-position: center !important;background-repeat: no-repeat !important;background-size: cover !important;}\u00a0\u00bb el_class=\u00a0\u00bbnd_options_overflow_visible_important\u00a0\u00bb][vc_column][vc_row_inner css=\u00a0\u00bb.vc_custom_1486118361106{padding-top: 100px !important;padding-bottom: 100px !important;}\u00a0\u00bb el_class=\u00a0\u00bbnd_options_bg_greydark_alpha_gradient_3&Prime;][vc_column_inner width=\u00a0\u00bb1\/3&Prime;][\/vc_column_inner][vc_column_inner width=\u00a0\u00bb1\/3&Prime; css=\u00a0\u00bb.vc_custom_1486118458781{padding: 20px !important;}\u00a0\u00bb] <h1 style=\"color:#ffffff;padding:px;text-align:center;font-size:55px;line-height:70px;letter-spacing: px;font-weight:normal\" class=\"  nd_options_font_size_40_important_all_iphone nd_options_line_height_40_important_all_iphone nd_options_first_font \">IL Y A TOUJOURS QUELQUE CHOSE \u00c0 FAIRE \u00c0 LA RIOJA !<\/h1> [\/vc_column_inner][vc_column_inner width=\u00a0\u00bb1\/3&Prime;][\/vc_column_inner][\/vc_row_inner][\/vc_column][\/vc_row][vc_row][vc_column width=\u00a0\u00bb1\/2&Prime;][vc_single_image image=\u00a0\u00bb2137&Prime; img_size=\u00a0\u00bbfull\u00a0\u00bb][\/vc_column][vc_column width=\u00a0\u00bb1\/2&Prime;]<div style=\"background-color:;height: px\" class=\"nicdark_section  \"><\/div>[vc_column_text]<\/p>\n<h2 style=\"text-align: center;\"><strong>TR<\/strong>\u00c8<strong>S ACCESSIBLE\u00a0<\/strong><\/h2>\n<p>[\/vc_column_text]<div style=\"background-color:;height: px\" class=\"nicdark_section  \"><\/div>[vc_column_text]Notre hotel se situe \u00e0 proximit\u00e9 de plusieurs a\u00e9roports : <em>Bilbao, Madrid, Saragosse et Santander<\/em>. Ce qui permet beaucoup de connexions possibles depuis la Belgique et la France.<\/p>\n<p>Pour les voyages en voiture, Finca Torre de Bri\u00f1as<span class=\"Apple-converted-space\">\u00a0<\/span>est \u00e0 seulement 5km de l&rsquo;autoroute. Il est \u00e9galement possible de rejoindre l&rsquo;hotel en transports en commun.[\/vc_column_text][\/vc_column][\/vc_row]<\/p>\n","protected":false},"excerpt":{"rendered":"<p>[vc_row full_width=\u00a0\u00bbstretch_row_content_no_spaces\u00a0\u00bb css=\u00a0\u00bb.vc_custom_1594904106915{background-image: url(https:\/\/torredebrinas.com\/wp-content\/uploads\/2020\/07\/travel-2650303_1920-1.jpg?id=1693) !important;background-position: center !important;background-repeat: no-repeat !important;background-size: cover !important;}\u00a0\u00bb el_class=\u00a0\u00bbnd_options_overflow_visible_important\u00a0\u00bb][vc_column][vc_row_inner css=\u00a0\u00bb.vc_custom_1486118361106{padding-top: 100px !important;padding-bottom: 100px !important;}\u00a0\u00bb el_class=\u00a0\u00bbnd_options_bg_greydark_alpha_gradient_3&Prime;][vc_column_inner width=\u00a0\u00bb1\/3&Prime;][\/vc_column_inner][vc_column_inner width=\u00a0\u00bb1\/3&Prime; css=\u00a0\u00bb.vc_custom_1486118458781{padding: 20px !important;}\u00a0\u00bb][\/vc_column_inner][vc_column_inner width=\u00a0\u00bb1\/3&Prime;][\/vc_column_inner][\/vc_row_inner][\/vc_column][\/vc_row][vc_row css=\u00a0\u00bb.vc_custom_1503500566808{margin-top: 50px !important;margin-bottom: 50px !important;}\u00a0\u00bb][vc_column css=\u00a0\u00bb.vc_custom_1486118015473{padding-right: 0px !important;padding-left: 0px !important;}\u00a0\u00bb][\/vc_column][\/vc_row][vc_row][vc_column width=\u00a0\u00bb1\/3&Prime;][vc_column_text] EXPLOREZ HARO [\/vc_column_text][vc_column_text]Si vous \u00eates un amoureux du vin vous ne pouvez pas passer \u00e0 c\u00f4t\u00e9 de Haro qui est [&hellip;]<\/p>\n","protected":false},"author":1,"featured_media":1553,"parent":0,"menu_order":0,"comment_status":"closed","ping_status":"closed","template":"","meta":[],"yoast_head":"<!-- This site is optimized with the Yoast SEO plugin v21.1 - https:\/\/yoast.com\/wordpress\/plugins\/seo\/ -->\n<title>Que faire \u00e0 Brinas ? - Finca Torre de Bri\u00f1as<\/title>\n<meta name=\"description\" content=\"Autour de la Finca Torre de Bri\u00f1as, il y a beaucoup d&#039;activit\u00e9s, de sites touristiques. La Rioja est une r\u00e9gion r\u00e9put\u00e9e pour ses vignobles.\" \/>\n<meta name=\"robots\" content=\"index, follow, max-snippet:-1, max-image-preview:large, max-video-preview:-1\" \/>\n<link rel=\"canonical\" href=\"https:\/\/torredebrinas.com\/fr\/que-faire\/\" \/>\n<meta property=\"og:locale\" content=\"fr_FR\" \/>\n<meta property=\"og:type\" content=\"article\" \/>\n<meta property=\"og:title\" content=\"Que faire \u00e0 Brinas ? - Finca Torre de Bri\u00f1as\" \/>\n<meta property=\"og:description\" content=\"Autour de la Finca Torre de Bri\u00f1as, il y a beaucoup d&#039;activit\u00e9s, de sites touristiques. La Rioja est une r\u00e9gion r\u00e9put\u00e9e pour ses vignobles.\" \/>\n<meta property=\"og:url\" content=\"https:\/\/torredebrinas.com\/fr\/que-faire\/\" \/>\n<meta property=\"og:site_name\" content=\"Finca Torre de Bri\u00f1as\" \/>\n<meta property=\"article:modified_time\" content=\"2021-08-30T07:48:34+00:00\" \/>\n<meta property=\"og:image\" content=\"https:\/\/torredebrinas.com\/wp-content\/uploads\/2020\/07\/pocket-watch-1637396_1920.jpg\" \/>\n\t<meta property=\"og:image:width\" content=\"1920\" \/>\n\t<meta property=\"og:image:height\" content=\"655\" \/>\n\t<meta property=\"og:image:type\" content=\"image\/jpeg\" \/>\n<meta name=\"twitter:card\" content=\"summary_large_image\" \/>\n<meta name=\"twitter:label1\" content=\"Dur\u00e9e de lecture estim\u00e9e\" \/>\n\t<meta name=\"twitter:data1\" content=\"9 minutes\" \/>\n<script type=\"application\/ld+json\" class=\"yoast-schema-graph\">{\"@context\":\"https:\/\/schema.org\",\"@graph\":[{\"@type\":\"WebPage\",\"@id\":\"https:\/\/torredebrinas.com\/fr\/que-faire\/\",\"url\":\"https:\/\/torredebrinas.com\/fr\/que-faire\/\",\"name\":\"Que faire \u00e0 Brinas ? - Finca Torre de Bri\u00f1as\",\"isPartOf\":{\"@id\":\"https:\/\/torredebrinas.com\/#website\"},\"datePublished\":\"2017-08-23T14:52:34+00:00\",\"dateModified\":\"2021-08-30T07:48:34+00:00\",\"description\":\"Autour de la Finca Torre de Bri\u00f1as, il y a beaucoup d'activit\u00e9s, de sites touristiques. La Rioja est une r\u00e9gion r\u00e9put\u00e9e pour ses vignobles.\",\"breadcrumb\":{\"@id\":\"https:\/\/torredebrinas.com\/fr\/que-faire\/#breadcrumb\"},\"inLanguage\":\"fr-FR\",\"potentialAction\":[{\"@type\":\"ReadAction\",\"target\":[\"https:\/\/torredebrinas.com\/fr\/que-faire\/\"]}]},{\"@type\":\"BreadcrumbList\",\"@id\":\"https:\/\/torredebrinas.com\/fr\/que-faire\/#breadcrumb\",\"itemListElement\":[{\"@type\":\"ListItem\",\"position\":1,\"name\":\"Home\",\"item\":\"https:\/\/torredebrinas.com\/\"},{\"@type\":\"ListItem\",\"position\":2,\"name\":\"Que faire \u00e0 Brinas ?\"}]},{\"@type\":\"WebSite\",\"@id\":\"https:\/\/torredebrinas.com\/#website\",\"url\":\"https:\/\/torredebrinas.com\/\",\"name\":\"Finca Torre de Bri\u00f1as\",\"description\":\"Holidays in La Rioja\",\"potentialAction\":[{\"@type\":\"SearchAction\",\"target\":{\"@type\":\"EntryPoint\",\"urlTemplate\":\"https:\/\/torredebrinas.com\/?s={search_term_string}\"},\"query-input\":\"required name=search_term_string\"}],\"inLanguage\":\"fr-FR\"}]}<\/script>\n<!-- \/ Yoast SEO plugin. -->","yoast_head_json":{"title":"Que faire \u00e0 Brinas ? - Finca Torre de Bri\u00f1as","description":"Autour de la Finca Torre de Bri\u00f1as, il y a beaucoup d'activit\u00e9s, de sites touristiques. La Rioja est une r\u00e9gion r\u00e9put\u00e9e pour ses vignobles.","robots":{"index":"index","follow":"follow","max-snippet":"max-snippet:-1","max-image-preview":"max-image-preview:large","max-video-preview":"max-video-preview:-1"},"canonical":"https:\/\/torredebrinas.com\/fr\/que-faire\/","og_locale":"fr_FR","og_type":"article","og_title":"Que faire \u00e0 Brinas ? - Finca Torre de Bri\u00f1as","og_description":"Autour de la Finca Torre de Bri\u00f1as, il y a beaucoup d'activit\u00e9s, de sites touristiques. La Rioja est une r\u00e9gion r\u00e9put\u00e9e pour ses vignobles.","og_url":"https:\/\/torredebrinas.com\/fr\/que-faire\/","og_site_name":"Finca Torre de Bri\u00f1as","article_modified_time":"2021-08-30T07:48:34+00:00","og_image":[{"width":1920,"height":655,"url":"https:\/\/torredebrinas.com\/wp-content\/uploads\/2020\/07\/pocket-watch-1637396_1920.jpg","type":"image\/jpeg"}],"twitter_card":"summary_large_image","twitter_misc":{"Dur\u00e9e de lecture estim\u00e9e":"9 minutes"},"schema":{"@context":"https:\/\/schema.org","@graph":[{"@type":"WebPage","@id":"https:\/\/torredebrinas.com\/fr\/que-faire\/","url":"https:\/\/torredebrinas.com\/fr\/que-faire\/","name":"Que faire \u00e0 Brinas ? - Finca Torre de Bri\u00f1as","isPartOf":{"@id":"https:\/\/torredebrinas.com\/#website"},"datePublished":"2017-08-23T14:52:34+00:00","dateModified":"2021-08-30T07:48:34+00:00","description":"Autour de la Finca Torre de Bri\u00f1as, il y a beaucoup d'activit\u00e9s, de sites touristiques. La Rioja est une r\u00e9gion r\u00e9put\u00e9e pour ses vignobles.","breadcrumb":{"@id":"https:\/\/torredebrinas.com\/fr\/que-faire\/#breadcrumb"},"inLanguage":"fr-FR","potentialAction":[{"@type":"ReadAction","target":["https:\/\/torredebrinas.com\/fr\/que-faire\/"]}]},{"@type":"BreadcrumbList","@id":"https:\/\/torredebrinas.com\/fr\/que-faire\/#breadcrumb","itemListElement":[{"@type":"ListItem","position":1,"name":"Home","item":"https:\/\/torredebrinas.com\/"},{"@type":"ListItem","position":2,"name":"Que faire \u00e0 Brinas ?"}]},{"@type":"WebSite","@id":"https:\/\/torredebrinas.com\/#website","url":"https:\/\/torredebrinas.com\/","name":"Finca Torre de Bri\u00f1as","description":"Holidays in La Rioja","potentialAction":[{"@type":"SearchAction","target":{"@type":"EntryPoint","urlTemplate":"https:\/\/torredebrinas.com\/?s={search_term_string}"},"query-input":"required name=search_term_string"}],"inLanguage":"fr-FR"}]}},"_links":{"self":[{"href":"https:\/\/torredebrinas.com\/fr\/wp-json\/wp\/v2\/pages\/1769"}],"collection":[{"href":"https:\/\/torredebrinas.com\/fr\/wp-json\/wp\/v2\/pages"}],"about":[{"href":"https:\/\/torredebrinas.com\/fr\/wp-json\/wp\/v2\/types\/page"}],"author":[{"embeddable":true,"href":"https:\/\/torredebrinas.com\/fr\/wp-json\/wp\/v2\/users\/1"}],"replies":[{"embeddable":true,"href":"https:\/\/torredebrinas.com\/fr\/wp-json\/wp\/v2\/comments?post=1769"}],"version-history":[{"count":10,"href":"https:\/\/torredebrinas.com\/fr\/wp-json\/wp\/v2\/pages\/1769\/revisions"}],"predecessor-version":[{"id":2365,"href":"https:\/\/torredebrinas.com\/fr\/wp-json\/wp\/v2\/pages\/1769\/revisions\/2365"}],"wp:featuredmedia":[{"embeddable":true,"href":"https:\/\/torredebrinas.com\/fr\/wp-json\/wp\/v2\/media\/1553"}],"wp:attachment":[{"href":"https:\/\/torredebrinas.com\/fr\/wp-json\/wp\/v2\/media?parent=1769"}],"curies":[{"name":"wp","href":"https:\/\/api.w.org\/{rel}","templated":true}]}}