{"id":1775,"date":"2017-06-30T09:48:28","date_gmt":"2017-06-30T09:48:28","guid":{"rendered":"http:\/\/torredebrinas.com\/contact\/"},"modified":"2023-05-26T14:16:39","modified_gmt":"2023-05-26T12:16:39","slug":"contact","status":"publish","type":"page","link":"https:\/\/torredebrinas.com\/fr\/contact\/","title":{"rendered":"Contact"},"content":{"rendered":"<p>[vc_row][vc_column css=\u00a0\u00bb.vc_custom_1467214267244{padding-top: 10px !important;padding-bottom: 10px !important;}\u00a0\u00bb][vc_column_text]Des questions ou des demandes concernant votre s\u00e9jour \u00e0 Finca Torre de Bri\u00f1as Private Resort ? Contactez-nous, nous r\u00e9pondons avec plaisir \u00e0 vos questions. Dites-nous comment pouvons-nous vous aider.[\/vc_column_text][\/vc_column][vc_column css=\u00a0\u00bb.vc_custom_1467214267244{padding-top: 10px !important;padding-bottom: 10px !important;}\u00a0\u00bb] <h2 style=\"color:;padding:px;text-align:;font-size:25px;line-height:25px;letter-spacing: px;font-weight:normal\" class=\"   nd_options_first_font \">Contact<\/h2> <div style=\"background-color:;height: 10px\" class=\"nicdark_section  \"><\/div>[vc_row_inner][vc_column_inner width=\u00a0\u00bb1\/2&Prime;][vc_column_text]<\/p>\n<p class=\"p1\" style=\"text-align: right;\"><strong>Finca Torre de Bri\u00f1as Private Resort Casa Rural<\/strong><\/p>\n<p>[\/vc_column_text]\n\n\n  <div class=\"nd_options_section  nd_options_display_table \">\n    <div class=\"nd_options_display_table_cell nd_options_vertical_align_middle nd_options_width_50_percentage nd_options_text_align_left nd_options_padding_10 nd_options_box_sizing_border_box\">\n      <p class=\" nd_options_second_font nd_options_margin_0 nd_options_padding_0\" style=\"color:#1c1c1c\">Adresse :<\/p>\n    <\/div>\n    <div class=\"nd_options_display_table_cell nd_options_vertical_align_middle nd_options_width_50_percentage nd_options_text_align_right nd_options_padding_10 nd_options_box_sizing_border_box\">\n      <p class=\" nd_options_second_font nd_options_margin_0 nd_options_padding_0\" style=\"color:#878787\">Traves\u00eda Real 4<\/p>\n    <\/div>\n  <\/div>\n\n\n   <div style=\"background-color:#f1f1f1;height: 1px\" class=\"nicdark_section  \"><\/div>\n\n\n  <div class=\"nd_options_section  nd_options_display_table \">\n    <div class=\"nd_options_display_table_cell nd_options_vertical_align_middle nd_options_width_50_percentage nd_options_text_align_left nd_options_padding_10 nd_options_box_sizing_border_box\">\n      <p class=\" nd_options_second_font nd_options_margin_0 nd_options_padding_0\" style=\"color:#1c1c1c\">Ville :<\/p>\n    <\/div>\n    <div class=\"nd_options_display_table_cell nd_options_vertical_align_middle nd_options_width_50_percentage nd_options_text_align_right nd_options_padding_10 nd_options_box_sizing_border_box\">\n      <p class=\" nd_options_second_font nd_options_margin_0 nd_options_padding_0\" style=\"color:#878787\">26290 Bri\u00f1as - La Rioja<\/p>\n    <\/div>\n  <\/div>\n\n\n   <div style=\"background-color:#f1f1f1;height: 1px\" class=\"nicdark_section  \"><\/div>\n\n\n  <div class=\"nd_options_section  nd_options_display_table \">\n    <div class=\"nd_options_display_table_cell nd_options_vertical_align_middle nd_options_width_50_percentage nd_options_text_align_left nd_options_padding_10 nd_options_box_sizing_border_box\">\n      <p class=\" nd_options_second_font nd_options_margin_0 nd_options_padding_0\" style=\"color:#1c1c1c\">T\u00e9l\u00e9phone :<\/p>\n    <\/div>\n    <div class=\"nd_options_display_table_cell nd_options_vertical_align_middle nd_options_width_50_percentage nd_options_text_align_right nd_options_padding_10 nd_options_box_sizing_border_box\">\n      <p class=\" nd_options_second_font nd_options_margin_0 nd_options_padding_0\" style=\"color:#878787\">+34 (9)41 051 455<\/p>\n    <\/div>\n  <\/div>\n\n\n   <div style=\"background-color:#f1f1f1;height: 1px\" class=\"nicdark_section  \"><\/div>[\/vc_column_inner][vc_column_inner width=\u00a0\u00bb1\/2&Prime; css=\u00a0\u00bb.vc_custom_1679404294707{border-left-width: 2px !important;padding-left: 50px !important;border-left-color: #c19b76 !important;border-left-style: solid !important;}\u00a0\u00bb] <h3 style=\"color:#c19b76;padding:px;text-align:;font-size:px;line-height:px;letter-spacing: px;font-weight:bold\" class=\" nd_options_underline_effect nd_options_underline_effect_909  nd_options_first_font \">Envoyez-nous un e-mail<\/h3> <div style=\"background-color:;height: 25px\" class=\"nicdark_section  \"><\/div>[vc_raw_html css=\u00a0\u00bb.vc_custom_1685103277667{margin-top: 0px !important;margin-left: 0px !important;}\u00a0\u00bb]JTVCY29udGFjdC1mb3JtLTclMjBpZCUzRCUyMjI1NDglMjIlMjB0aXRsZSUzRCUyMkNvbnRhY3QtMjMtRnIlMjIlNUQ=[\/vc_raw_html][\/vc_column_inner][\/vc_row_inner]\n    <div class=\"nd_options_section nd_options_line_height_0  nd_options_text_align_left \">\n        <span style=\"height:1px;width:30px;background-color:#878787\" class=\"nd_options_display_inline_block\"><\/span>\n    <\/div>\n   <div style=\"background-color:;height: 10px\" class=\"nicdark_section  \"><\/div> <h3 style=\"color:#1c1c1c;padding:px;text-align:;font-size:60px;line-height:60px;letter-spacing: px;font-weight:normal\" class=\"   nd_options_first_font \">+34 (9)41 051 455<\/h3> <div style=\"background-color:;height: 20px\" class=\"nicdark_section  \"><\/div>[vc_gmaps link=\u00a0\u00bb#E-8_JTNDaWZyYW1lJTIwc3JjJTNEJTIyaHR0cHMlM0ElMkYlMkZ3d3cuZ29vZ2xlLmNvbSUyRm1hcHMlMkZlbWJlZCUzRnBiJTNEJTIxMW0xOCUyMTFtMTIlMjExbTMlMjExZDI5MzYuODUwNTYxMDU0ODE1NCUyMTJkLTIuODM2MjY4MzMzOTIxNDcyJTIxM2Q0Mi42MDA5MTQwMjc4NDg0MyUyMTJtMyUyMTFmMCUyMTJmMCUyMTNmMCUyMTNtMiUyMTFpMTAyNCUyMTJpNzY4JTIxNGYxMy4xJTIxM20zJTIxMW0yJTIxMXMweGQ0ZjhkNGUxNWNjODNiMSUyNTNBMHg3ZjdkOTRjNTY2NThkMmNkJTIxMnNUb3JyZSUyNTIwZGUlMjUyMEJyaSUyNUMzJTI1QjFhcy0lMjUyMFByaXZhdGUlMjUyMFJlc29ydCUyMTVlMCUyMTNtMiUyMTFzZnIlMjEyc2JlJTIxNHYxNjI1MDM0Mjg0MTk4JTIxNW0yJTIxMXNmciUyMTJzYmUlMjIlMjB3aWR0aCUzRCUyMjYwMCUyMiUyMGhlaWdodCUzRCUyMjQ1MCUyMiUyMHN0eWxlJTNEJTIyYm9yZGVyJTNBMCUzQiUyMiUyMGFsbG93ZnVsbHNjcmVlbiUzRCUyMiUyMiUyMGxvYWRpbmclM0QlMjJsYXp5JTIyJTNFJTNDJTJGaWZyYW1lJTNF\u00a0\u00bb][\/vc_column][\/vc_row]<\/p>\n","protected":false},"excerpt":{"rendered":"<p>[vc_row][vc_column css=\u00a0\u00bb.vc_custom_1467214267244{padding-top: 10px !important;padding-bottom: 10px !important;}\u00a0\u00bb][vc_column_text]Des questions ou des demandes concernant votre s\u00e9jour \u00e0 Finca Torre de Bri\u00f1as Private Resort ? Contactez-nous, nous r\u00e9pondons avec plaisir \u00e0 vos questions. Dites-nous comment pouvons-nous vous aider.[\/vc_column_text][\/vc_column][vc_column css=\u00a0\u00bb.vc_custom_1467214267244{padding-top: 10px !important;padding-bottom: 10px !important;}\u00a0\u00bb][vc_row_inner][vc_column_inner width=\u00a0\u00bb1\/2&Prime;][vc_column_text] Finca Torre de Bri\u00f1as Private Resort Casa Rural [\/vc_column_text][\/vc_column_inner][vc_column_inner width=\u00a0\u00bb1\/2&Prime; css=\u00a0\u00bb.vc_custom_1679404294707{border-left-width: 2px !important;padding-left: 50px !important;border-left-color: [&hellip;]<\/p>\n","protected":false},"author":1,"featured_media":0,"parent":0,"menu_order":0,"comment_status":"closed","ping_status":"closed","template":"","meta":[],"yoast_head":"<!-- This site is optimized with the Yoast SEO plugin v21.1 - https:\/\/yoast.com\/wordpress\/plugins\/seo\/ -->\n<title>Contact - Finca Torre de Bri\u00f1as<\/title>\n<meta name=\"description\" content=\"Besoin d&#039;informations sur notre hotel ou une r\u00e9servation ? Contactez-nous via notre formulaire de contact\" \/>\n<meta name=\"robots\" content=\"index, follow, max-snippet:-1, max-image-preview:large, max-video-preview:-1\" \/>\n<link rel=\"canonical\" href=\"https:\/\/torredebrinas.com\/contact\/\" \/>\n<meta property=\"og:locale\" content=\"fr_FR\" \/>\n<meta property=\"og:type\" content=\"article\" \/>\n<meta property=\"og:title\" content=\"Contact - Finca Torre de Bri\u00f1as\" \/>\n<meta property=\"og:description\" content=\"Besoin d&#039;informations sur notre hotel ou une r\u00e9servation ? Contactez-nous via notre formulaire de contact\" \/>\n<meta property=\"og:url\" content=\"https:\/\/torredebrinas.com\/contact\/\" \/>\n<meta property=\"og:site_name\" content=\"Finca Torre de Bri\u00f1as\" \/>\n<meta property=\"article:modified_time\" content=\"2023-05-26T12:16:39+00:00\" \/>\n<meta name=\"twitter:card\" content=\"summary_large_image\" \/>\n<meta name=\"twitter:label1\" content=\"Dur\u00e9e de lecture estim\u00e9e\" \/>\n\t<meta name=\"twitter:data1\" content=\"1 minute\" \/>\n<script type=\"application\/ld+json\" class=\"yoast-schema-graph\">{\"@context\":\"https:\/\/schema.org\",\"@graph\":[{\"@type\":\"WebPage\",\"@id\":\"https:\/\/torredebrinas.com\/contact\/\",\"url\":\"https:\/\/torredebrinas.com\/contact\/\",\"name\":\"Contact - Finca Torre de Bri\u00f1as\",\"isPartOf\":{\"@id\":\"https:\/\/torredebrinas.com\/#website\"},\"datePublished\":\"2017-06-30T09:48:28+00:00\",\"dateModified\":\"2023-05-26T12:16:39+00:00\",\"description\":\"Besoin d'informations sur notre hotel ou une r\u00e9servation ? Contactez-nous via notre formulaire de contact\",\"breadcrumb\":{\"@id\":\"https:\/\/torredebrinas.com\/contact\/#breadcrumb\"},\"inLanguage\":\"fr-FR\",\"potentialAction\":[{\"@type\":\"ReadAction\",\"target\":[\"https:\/\/torredebrinas.com\/contact\/\"]}]},{\"@type\":\"BreadcrumbList\",\"@id\":\"https:\/\/torredebrinas.com\/contact\/#breadcrumb\",\"itemListElement\":[{\"@type\":\"ListItem\",\"position\":1,\"name\":\"Home\",\"item\":\"https:\/\/torredebrinas.com\/\"},{\"@type\":\"ListItem\",\"position\":2,\"name\":\"Contact\"}]},{\"@type\":\"WebSite\",\"@id\":\"https:\/\/torredebrinas.com\/#website\",\"url\":\"https:\/\/torredebrinas.com\/\",\"name\":\"Finca Torre de Bri\u00f1as\",\"description\":\"Holidays in La Rioja\",\"potentialAction\":[{\"@type\":\"SearchAction\",\"target\":{\"@type\":\"EntryPoint\",\"urlTemplate\":\"https:\/\/torredebrinas.com\/?s={search_term_string}\"},\"query-input\":\"required name=search_term_string\"}],\"inLanguage\":\"fr-FR\"}]}<\/script>\n<!-- \/ Yoast SEO plugin. -->","yoast_head_json":{"title":"Contact - Finca Torre de Bri\u00f1as","description":"Besoin d'informations sur notre hotel ou une r\u00e9servation ? Contactez-nous via notre formulaire de contact","robots":{"index":"index","follow":"follow","max-snippet":"max-snippet:-1","max-image-preview":"max-image-preview:large","max-video-preview":"max-video-preview:-1"},"canonical":"https:\/\/torredebrinas.com\/contact\/","og_locale":"fr_FR","og_type":"article","og_title":"Contact - Finca Torre de Bri\u00f1as","og_description":"Besoin d'informations sur notre hotel ou une r\u00e9servation ? Contactez-nous via notre formulaire de contact","og_url":"https:\/\/torredebrinas.com\/contact\/","og_site_name":"Finca Torre de Bri\u00f1as","article_modified_time":"2023-05-26T12:16:39+00:00","twitter_card":"summary_large_image","twitter_misc":{"Dur\u00e9e de lecture estim\u00e9e":"1 minute"},"schema":{"@context":"https:\/\/schema.org","@graph":[{"@type":"WebPage","@id":"https:\/\/torredebrinas.com\/contact\/","url":"https:\/\/torredebrinas.com\/contact\/","name":"Contact - Finca Torre de Bri\u00f1as","isPartOf":{"@id":"https:\/\/torredebrinas.com\/#website"},"datePublished":"2017-06-30T09:48:28+00:00","dateModified":"2023-05-26T12:16:39+00:00","description":"Besoin d'informations sur notre hotel ou une r\u00e9servation ? Contactez-nous via notre formulaire de contact","breadcrumb":{"@id":"https:\/\/torredebrinas.com\/contact\/#breadcrumb"},"inLanguage":"fr-FR","potentialAction":[{"@type":"ReadAction","target":["https:\/\/torredebrinas.com\/contact\/"]}]},{"@type":"BreadcrumbList","@id":"https:\/\/torredebrinas.com\/contact\/#breadcrumb","itemListElement":[{"@type":"ListItem","position":1,"name":"Home","item":"https:\/\/torredebrinas.com\/"},{"@type":"ListItem","position":2,"name":"Contact"}]},{"@type":"WebSite","@id":"https:\/\/torredebrinas.com\/#website","url":"https:\/\/torredebrinas.com\/","name":"Finca Torre de Bri\u00f1as","description":"Holidays in La Rioja","potentialAction":[{"@type":"SearchAction","target":{"@type":"EntryPoint","urlTemplate":"https:\/\/torredebrinas.com\/?s={search_term_string}"},"query-input":"required name=search_term_string"}],"inLanguage":"fr-FR"}]}},"_links":{"self":[{"href":"https:\/\/torredebrinas.com\/fr\/wp-json\/wp\/v2\/pages\/1775"}],"collection":[{"href":"https:\/\/torredebrinas.com\/fr\/wp-json\/wp\/v2\/pages"}],"about":[{"href":"https:\/\/torredebrinas.com\/fr\/wp-json\/wp\/v2\/types\/page"}],"author":[{"embeddable":true,"href":"https:\/\/torredebrinas.com\/fr\/wp-json\/wp\/v2\/users\/1"}],"replies":[{"embeddable":true,"href":"https:\/\/torredebrinas.com\/fr\/wp-json\/wp\/v2\/comments?post=1775"}],"version-history":[{"count":25,"href":"https:\/\/torredebrinas.com\/fr\/wp-json\/wp\/v2\/pages\/1775\/revisions"}],"predecessor-version":[{"id":4699,"href":"https:\/\/torredebrinas.com\/fr\/wp-json\/wp\/v2\/pages\/1775\/revisions\/4699"}],"wp:attachment":[{"href":"https:\/\/torredebrinas.com\/fr\/wp-json\/wp\/v2\/media?parent=1775"}],"curies":[{"name":"wp","href":"https:\/\/api.w.org\/{rel}","templated":true}]}}