{"id":2600,"date":"2023-03-13T11:19:16","date_gmt":"2023-03-13T10:19:16","guid":{"rendered":"https:\/\/torredebrinas.com\/chambres-2\/"},"modified":"2023-03-13T11:19:16","modified_gmt":"2023-03-13T10:19:16","slug":"chambres-2","status":"publish","type":"page","link":"https:\/\/torredebrinas.com\/fr\/chambres-2\/","title":{"rendered":"Chambres"},"content":{"rendered":"<div class=\"mphb_sc_rooms-wrapper mphb-room-types \">\n<div class=\"mphb-room-type post-2622 mphb_room_type type-mphb_room_type status-publish mphb-room-type-adults-1 mphb-room-type-children-0 \">\n\n\t\n\t\n<h2 class=\"mphb-room-type-title entry-title\">\n\n<a class=\"mphb-room-type-title\" href=\"https:\/\/torredebrinas.com\/fr\/accommodation\/chambre-double\/\">Chambre double<\/a>\n\n<\/h2>\n\n\n\n<h3 class=\"mphb-room-type-details-title\">D\u00e9tails<\/h3><ul class=\"mphb-loop-room-type-attributes\">\n\n\n\t<li class=\"mphb-room-type-adults-capacity\"><span class=\"mphb-attribute-title mphb-adults-title\">Adultes :<\/span><span class=\"mphb-attribute-value\">\n\t1\n\t<\/span><\/li>\n\n\n\n\n\n\n\n\n\n\n<\/ul>\n\n<p class=\"mphb-view-details-button-wrapper\">\n<a class=\"button mphb-view-details-button\" href=\"https:\/\/torredebrinas.com\/fr\/accommodation\/chambre-double\/\" >Voir les d\u00e9tails<\/a>\n<\/p>\n<div class=\"mphb-to-book-btn-wrapper\">\n<form action=\"https:\/\/torredebrinas.com\/fr\/accommodation\/chambre-double\/#booking-form-2622\" method=\"get\" ><button type=\"submit\" class=\"button mphb-book-button\" >R\u00e9server<\/button><\/form>\n<br\/><\/div>\n\t\n<\/div>\n\n\n<div class=\"mphb-room-type post-2614 mphb_room_type type-mphb_room_type status-publish has-post-thumbnail mphb_room_type_category-chambre-double mphb_room_type_tag-vue-montagne mphb_room_type_tag-vue-piscine mphb_room_type_facility-air-conditionne-2 mphb_room_type_facility-armoire mphb_room_type_facility-chargeur-usb mphb_room_type_facility-non-fumeur mphb_room_type_facility-parking-prive-moto mphb_room_type_facility-parking-prive-voiture mphb_room_type_facility-petit-dejeuner mphb_room_type_facility-piscine mphb_room_type_facility-salle-de-bain-privee-avec-douche-italienne mphb_room_type_facility-smart-tv-avec-des-chaines-internationales mphb-room-type-adults-1 mphb-room-type-children-0 \">\n\n\t\n\t\n\n\t<p class=\"post-thumbnail mphb-loop-room-thumbnail\">\n\t<a href=\"https:\/\/torredebrinas.com\/fr\/accommodation\/chambre-double-vue-piscine\/\">\n\t<img width=\"1351\" height=\"900\" src=\"https:\/\/torredebrinas.com\/wp-content\/uploads\/2017\/06\/chambre-piscine.png\" class=\"attachment-post-thumbnail size-post-thumbnail wp-post-image\" alt=\"chambre double vue piscine\" decoding=\"async\" loading=\"lazy\" \/>\t<\/a>\n\n\t<\/p>\n\n<h2 class=\"mphb-room-type-title entry-title\">\n\n<a class=\"mphb-room-type-title\" href=\"https:\/\/torredebrinas.com\/fr\/accommodation\/chambre-double-vue-piscine\/\">Chambre double vue piscine<\/a>\n\n<\/h2>\n\n<p>Nos chambres ont \u00e9t\u00e9 con\u00e7ues avec un m\u00e9lange de style authentique et moderne pour vous assurer un s\u00e9jour des plus relaxants et m\u00e9morable. Nos chambres doubles sont enti\u00e8rement \u00e9quip\u00e9es d&rsquo;un lit king size confortable et d&rsquo;une literie de qualit\u00e9, d&rsquo;une Smart TV avec des cha\u00eenes internationales, d&rsquo;une salle de bain priv\u00e9e avec douche italienne, d&rsquo;une [&hellip;]<\/p>\n\n\n<h3 class=\"mphb-room-type-details-title\">D\u00e9tails<\/h3><ul class=\"mphb-loop-room-type-attributes\">\n\n\n\t<li class=\"mphb-room-type-adults-capacity\"><span class=\"mphb-attribute-title mphb-adults-title\">Adultes :<\/span><span class=\"mphb-attribute-value\">\n\t1\n\t<\/span><\/li>\n\n\n\n\t<li class=\"mphb-room-type-facilities\"><span class=\"mphb-attribute-title mphb-facilities-title\">\u00c9quipements :<\/span><span class=\"mphb-attribute-value\"> <span class=\"facility-air-conditionne-2\"><a href=\"https:\/\/torredebrinas.com\/fr\/accommodation-facility\/air-conditionne-2\/\">air conditionn\u00e9<\/a><\/span>, <span class=\"facility-armoire\"><a href=\"https:\/\/torredebrinas.com\/fr\/accommodation-facility\/armoire\/\">armoire<\/a><\/span>, <span class=\"facility-chargeur-usb\"><a href=\"https:\/\/torredebrinas.com\/fr\/accommodation-facility\/chargeur-usb\/\">chargeur USB<\/a><\/span>, <span class=\"facility-non-fumeur\"><a href=\"https:\/\/torredebrinas.com\/fr\/accommodation-facility\/non-fumeur\/\">Non fumeur<\/a><\/span>, <span class=\"facility-parking-prive-moto\"><a href=\"https:\/\/torredebrinas.com\/fr\/accommodation-facility\/parking-prive-moto\/\">Parking priv\u00e9 moto<\/a><\/span>, <span class=\"facility-parking-prive-voiture\"><a href=\"https:\/\/torredebrinas.com\/fr\/accommodation-facility\/parking-prive-voiture\/\">Parking priv\u00e9 voiture<\/a><\/span>, <span class=\"facility-petit-dejeuner\"><a href=\"https:\/\/torredebrinas.com\/fr\/accommodation-facility\/petit-dejeuner\/\">petit-d\u00e9jeuner<\/a><\/span>, <span class=\"facility-piscine\"><a href=\"https:\/\/torredebrinas.com\/fr\/accommodation-facility\/piscine\/\">piscine<\/a><\/span>, <span class=\"facility-salle-de-bain-privee-avec-douche-italienne\"><a href=\"https:\/\/torredebrinas.com\/fr\/accommodation-facility\/salle-de-bain-privee-avec-douche-italienne\/\">salle de bain priv\u00e9e avec douche italienne<\/a><\/span>, <span class=\"facility-smart-tv-avec-des-chaines-internationales\"><a href=\"https:\/\/torredebrinas.com\/fr\/accommodation-facility\/smart-tv-avec-des-chaines-internationales\/\">Smart TV avec des cha\u00eenes internationales<\/a><\/span><\/span><\/li>\n\n\n\n\t<li class=\"mphb-room-type-view\"><span class=\"mphb-attribute-title mphb-view-title\">Vue :<\/span><span class=\"mphb-attribute-value\">\n\tVue sur la piscine\n\t<\/span><\/li>\n\n\n\n\n\t<li class=\"mphb-room-type-bed-type\"><span  class=\"mphb-attribute-title mphb-bed-type-title\">Type de lit :<\/span><span class=\"mphb-attribute-value\">\n\tKing Size\n\t<\/span><\/li>\n\n\n\t<li class=\"mphb-room-type-categories\"><span class=\"mphb-attribute-title mphb-categories-title\">Cat\u00e9gories :<\/span><span class=\"mphb-attribute-value\"> <span class=\"category-chambre-double\"><a href=\"https:\/\/torredebrinas.com\/fr\/accommodation-category\/chambre-double\/\">Chambre double<\/a><\/span><\/span><\/li>\n\n<\/ul>\n\n<p class=\"mphb-view-details-button-wrapper\">\n<a class=\"button mphb-view-details-button\" href=\"https:\/\/torredebrinas.com\/fr\/accommodation\/chambre-double-vue-piscine\/\" >Voir les d\u00e9tails<\/a>\n<\/p>\n<div class=\"mphb-to-book-btn-wrapper\">\n<form action=\"https:\/\/torredebrinas.com\/fr\/accommodation\/chambre-double-vue-piscine\/#booking-form-2614\" method=\"get\" ><button type=\"submit\" class=\"button mphb-book-button\" >R\u00e9server<\/button><\/form>\n<br\/><\/div>\n\t\n<\/div>\n\n\n<div class=\"mphb-room-type post-2613 mphb_room_type type-mphb_room_type status-publish has-post-thumbnail mphb_room_type_category-chambre-double mphb_room_type_tag-vue-piscine mphb_room_type_facility-air-conditionne-2 mphb_room_type_facility-armoire mphb_room_type_facility-chargeur-usb mphb_room_type_facility-non-fumeur mphb_room_type_facility-parking-prive-moto mphb_room_type_facility-parking-prive-voiture mphb_room_type_facility-petit-dejeuner mphb_room_type_facility-piscine mphb_room_type_facility-salle-de-bain-privee-avec-douche-italienne mphb_room_type_facility-smart-tv-avec-des-chaines-internationales mphb-room-type-adults-1 mphb-room-type-children-0 \">\n\n\t\n\t\n\n\t<p class=\"post-thumbnail mphb-loop-room-thumbnail\">\n\t<a href=\"https:\/\/torredebrinas.com\/fr\/accommodation\/chambre-double-vue-montagne\/\">\n\t<img width=\"1351\" height=\"900\" src=\"https:\/\/torredebrinas.com\/wp-content\/uploads\/2020\/07\/chambre1.png\" class=\"attachment-post-thumbnail size-post-thumbnail wp-post-image\" alt=\"chambre double vue montage\" decoding=\"async\" loading=\"lazy\" \/>\t<\/a>\n\n\t<\/p>\n\n<h2 class=\"mphb-room-type-title entry-title\">\n\n<a class=\"mphb-room-type-title\" href=\"https:\/\/torredebrinas.com\/fr\/accommodation\/chambre-double-vue-montagne\/\">Chambre double vue montagne<\/a>\n\n<\/h2>\n\n<p>Nos chambres ont \u00e9t\u00e9 con\u00e7ues avec un m\u00e9lange de style authentique et moderne pour vous assurer un s\u00e9jour des plus relaxants et m\u00e9morable. Nos chambres doubles sont enti\u00e8rement \u00e9quip\u00e9es d&rsquo;un lit king size confortable et d&rsquo;une literie de qualit\u00e9, d&rsquo;une Smart TV avec des cha\u00eenes internationales, d&rsquo;une salle de bain priv\u00e9e avec douche italienne, d&rsquo;une [&hellip;]<\/p>\n\n\n<h3 class=\"mphb-room-type-details-title\">D\u00e9tails<\/h3><ul class=\"mphb-loop-room-type-attributes\">\n\n\n\t<li class=\"mphb-room-type-adults-capacity\"><span class=\"mphb-attribute-title mphb-adults-title\">Adultes :<\/span><span class=\"mphb-attribute-value\">\n\t1\n\t<\/span><\/li>\n\n\n\n\t<li class=\"mphb-room-type-facilities\"><span class=\"mphb-attribute-title mphb-facilities-title\">\u00c9quipements :<\/span><span class=\"mphb-attribute-value\"> <span class=\"facility-air-conditionne-2\"><a href=\"https:\/\/torredebrinas.com\/fr\/accommodation-facility\/air-conditionne-2\/\">air conditionn\u00e9<\/a><\/span>, <span class=\"facility-armoire\"><a href=\"https:\/\/torredebrinas.com\/fr\/accommodation-facility\/armoire\/\">armoire<\/a><\/span>, <span class=\"facility-chargeur-usb\"><a href=\"https:\/\/torredebrinas.com\/fr\/accommodation-facility\/chargeur-usb\/\">chargeur USB<\/a><\/span>, <span class=\"facility-non-fumeur\"><a href=\"https:\/\/torredebrinas.com\/fr\/accommodation-facility\/non-fumeur\/\">Non fumeur<\/a><\/span>, <span class=\"facility-parking-prive-moto\"><a href=\"https:\/\/torredebrinas.com\/fr\/accommodation-facility\/parking-prive-moto\/\">Parking priv\u00e9 moto<\/a><\/span>, <span class=\"facility-parking-prive-voiture\"><a href=\"https:\/\/torredebrinas.com\/fr\/accommodation-facility\/parking-prive-voiture\/\">Parking priv\u00e9 voiture<\/a><\/span>, <span class=\"facility-petit-dejeuner\"><a href=\"https:\/\/torredebrinas.com\/fr\/accommodation-facility\/petit-dejeuner\/\">petit-d\u00e9jeuner<\/a><\/span>, <span class=\"facility-piscine\"><a href=\"https:\/\/torredebrinas.com\/fr\/accommodation-facility\/piscine\/\">piscine<\/a><\/span>, <span class=\"facility-salle-de-bain-privee-avec-douche-italienne\"><a href=\"https:\/\/torredebrinas.com\/fr\/accommodation-facility\/salle-de-bain-privee-avec-douche-italienne\/\">salle de bain priv\u00e9e avec douche italienne<\/a><\/span>, <span class=\"facility-smart-tv-avec-des-chaines-internationales\"><a href=\"https:\/\/torredebrinas.com\/fr\/accommodation-facility\/smart-tv-avec-des-chaines-internationales\/\">Smart TV avec des cha\u00eenes internationales<\/a><\/span><\/span><\/li>\n\n\n\n\t<li class=\"mphb-room-type-view\"><span class=\"mphb-attribute-title mphb-view-title\">Vue :<\/span><span class=\"mphb-attribute-value\">\n\tVue sur la montagne\n\t<\/span><\/li>\n\n\n\n\n\t<li class=\"mphb-room-type-bed-type\"><span  class=\"mphb-attribute-title mphb-bed-type-title\">Type de lit :<\/span><span class=\"mphb-attribute-value\">\n\tKing Size\n\t<\/span><\/li>\n\n\n\t<li class=\"mphb-room-type-categories\"><span class=\"mphb-attribute-title mphb-categories-title\">Cat\u00e9gories :<\/span><span class=\"mphb-attribute-value\"> <span class=\"category-chambre-double\"><a href=\"https:\/\/torredebrinas.com\/fr\/accommodation-category\/chambre-double\/\">Chambre double<\/a><\/span><\/span><\/li>\n\n<\/ul>\n\n<p class=\"mphb-view-details-button-wrapper\">\n<a class=\"button mphb-view-details-button\" href=\"https:\/\/torredebrinas.com\/fr\/accommodation\/chambre-double-vue-montagne\/\" >Voir les d\u00e9tails<\/a>\n<\/p>\n<div class=\"mphb-to-book-btn-wrapper\">\n<form action=\"https:\/\/torredebrinas.com\/fr\/accommodation\/chambre-double-vue-montagne\/#booking-form-2613\" method=\"get\" ><button type=\"submit\" class=\"button mphb-book-button\" >R\u00e9server<\/button><\/form>\n<br\/><\/div>\n\t\n<\/div>\n\n<\/div>\n","protected":false},"excerpt":{"rendered":"Nos chambres ont \u00e9t\u00e9 con\u00e7ues avec un m\u00e9lange de style authentique et moderne pour vous assurer un s\u00e9jour des plus relaxants et m\u00e9morable. Nos chambres doubles sont enti\u00e8rement \u00e9quip\u00e9es d'un lit king size confortable et d'une literie de qualit\u00e9, d'une Smart TV avec des cha\u00eenes internationales, d'une salle de bain priv\u00e9e avec douche italienne, d'une [...]","protected":false},"author":2,"featured_media":0,"parent":0,"menu_order":0,"comment_status":"closed","ping_status":"closed","template":"","meta":[],"yoast_head":"<!-- This site is optimized with the Yoast SEO plugin v21.1 - https:\/\/yoast.com\/wordpress\/plugins\/seo\/ -->\n<title>Chambres - Finca Torre de Bri\u00f1as<\/title>\n<meta name=\"robots\" content=\"index, follow, max-snippet:-1, max-image-preview:large, max-video-preview:-1\" \/>\n<link rel=\"canonical\" href=\"https:\/\/torredebrinas.com\/fr\/chambres-2\/\" \/>\n<meta property=\"og:locale\" content=\"fr_FR\" \/>\n<meta property=\"og:type\" content=\"article\" \/>\n<meta property=\"og:title\" content=\"Chambres - Finca Torre de Bri\u00f1as\" \/>\n<meta property=\"og:url\" content=\"https:\/\/torredebrinas.com\/fr\/chambres-2\/\" \/>\n<meta property=\"og:site_name\" content=\"Finca Torre de Bri\u00f1as\" \/>\n<meta name=\"twitter:card\" content=\"summary_large_image\" \/>\n<script type=\"application\/ld+json\" class=\"yoast-schema-graph\">{\"@context\":\"https:\/\/schema.org\",\"@graph\":[{\"@type\":\"WebPage\",\"@id\":\"https:\/\/torredebrinas.com\/fr\/chambres-2\/\",\"url\":\"https:\/\/torredebrinas.com\/fr\/chambres-2\/\",\"name\":\"Chambres - Finca Torre de Bri\u00f1as\",\"isPartOf\":{\"@id\":\"https:\/\/torredebrinas.com\/#website\"},\"datePublished\":\"2023-03-13T10:19:16+00:00\",\"dateModified\":\"2023-03-13T10:19:16+00:00\",\"breadcrumb\":{\"@id\":\"https:\/\/torredebrinas.com\/fr\/chambres-2\/#breadcrumb\"},\"inLanguage\":\"fr-FR\",\"potentialAction\":[{\"@type\":\"ReadAction\",\"target\":[\"https:\/\/torredebrinas.com\/fr\/chambres-2\/\"]}]},{\"@type\":\"BreadcrumbList\",\"@id\":\"https:\/\/torredebrinas.com\/fr\/chambres-2\/#breadcrumb\",\"itemListElement\":[{\"@type\":\"ListItem\",\"position\":1,\"name\":\"Home\",\"item\":\"https:\/\/torredebrinas.com\/\"},{\"@type\":\"ListItem\",\"position\":2,\"name\":\"Chambres\"}]},{\"@type\":\"WebSite\",\"@id\":\"https:\/\/torredebrinas.com\/#website\",\"url\":\"https:\/\/torredebrinas.com\/\",\"name\":\"Finca Torre de Bri\u00f1as\",\"description\":\"Holidays in La Rioja\",\"potentialAction\":[{\"@type\":\"SearchAction\",\"target\":{\"@type\":\"EntryPoint\",\"urlTemplate\":\"https:\/\/torredebrinas.com\/?s={search_term_string}\"},\"query-input\":\"required name=search_term_string\"}],\"inLanguage\":\"fr-FR\"}]}<\/script>\n<!-- \/ Yoast SEO plugin. -->","yoast_head_json":{"title":"Chambres - Finca Torre de Bri\u00f1as","robots":{"index":"index","follow":"follow","max-snippet":"max-snippet:-1","max-image-preview":"max-image-preview:large","max-video-preview":"max-video-preview:-1"},"canonical":"https:\/\/torredebrinas.com\/fr\/chambres-2\/","og_locale":"fr_FR","og_type":"article","og_title":"Chambres - Finca Torre de Bri\u00f1as","og_url":"https:\/\/torredebrinas.com\/fr\/chambres-2\/","og_site_name":"Finca Torre de Bri\u00f1as","twitter_card":"summary_large_image","schema":{"@context":"https:\/\/schema.org","@graph":[{"@type":"WebPage","@id":"https:\/\/torredebrinas.com\/fr\/chambres-2\/","url":"https:\/\/torredebrinas.com\/fr\/chambres-2\/","name":"Chambres - Finca Torre de Bri\u00f1as","isPartOf":{"@id":"https:\/\/torredebrinas.com\/#website"},"datePublished":"2023-03-13T10:19:16+00:00","dateModified":"2023-03-13T10:19:16+00:00","breadcrumb":{"@id":"https:\/\/torredebrinas.com\/fr\/chambres-2\/#breadcrumb"},"inLanguage":"fr-FR","potentialAction":[{"@type":"ReadAction","target":["https:\/\/torredebrinas.com\/fr\/chambres-2\/"]}]},{"@type":"BreadcrumbList","@id":"https:\/\/torredebrinas.com\/fr\/chambres-2\/#breadcrumb","itemListElement":[{"@type":"ListItem","position":1,"name":"Home","item":"https:\/\/torredebrinas.com\/"},{"@type":"ListItem","position":2,"name":"Chambres"}]},{"@type":"WebSite","@id":"https:\/\/torredebrinas.com\/#website","url":"https:\/\/torredebrinas.com\/","name":"Finca Torre de Bri\u00f1as","description":"Holidays in La Rioja","potentialAction":[{"@type":"SearchAction","target":{"@type":"EntryPoint","urlTemplate":"https:\/\/torredebrinas.com\/?s={search_term_string}"},"query-input":"required name=search_term_string"}],"inLanguage":"fr-FR"}]}},"_links":{"self":[{"href":"https:\/\/torredebrinas.com\/fr\/wp-json\/wp\/v2\/pages\/2600"}],"collection":[{"href":"https:\/\/torredebrinas.com\/fr\/wp-json\/wp\/v2\/pages"}],"about":[{"href":"https:\/\/torredebrinas.com\/fr\/wp-json\/wp\/v2\/types\/page"}],"author":[{"embeddable":true,"href":"https:\/\/torredebrinas.com\/fr\/wp-json\/wp\/v2\/users\/2"}],"replies":[{"embeddable":true,"href":"https:\/\/torredebrinas.com\/fr\/wp-json\/wp\/v2\/comments?post=2600"}],"version-history":[{"count":0,"href":"https:\/\/torredebrinas.com\/fr\/wp-json\/wp\/v2\/pages\/2600\/revisions"}],"wp:attachment":[{"href":"https:\/\/torredebrinas.com\/fr\/wp-json\/wp\/v2\/media?parent=2600"}],"curies":[{"name":"wp","href":"https:\/\/api.w.org\/{rel}","templated":true}]}}