{"id":2605,"date":"2023-03-13T11:19:18","date_gmt":"2023-03-13T10:19:18","guid":{"rendered":"https:\/\/torredebrinas.com\/confirmation-de-reservation\/reservation-confirmee\/"},"modified":"2023-03-13T11:19:18","modified_gmt":"2023-03-13T10:19:18","slug":"reservation-confirmee","status":"publish","type":"page","link":"https:\/\/torredebrinas.com\/fr\/confirmation-de-reservation\/reservation-confirmee\/","title":{"rendered":"R\u00e9servation confirm\u00e9e"},"content":{"rendered":"<div class=\"mphb_sc_booking_confirmation\"><\/div>\n","protected":false},"excerpt":{"rendered":"","protected":false},"author":2,"featured_media":0,"parent":2604,"menu_order":0,"comment_status":"closed","ping_status":"closed","template":"","meta":[],"yoast_head":"<!-- This site is optimized with the Yoast SEO plugin v21.1 - https:\/\/yoast.com\/wordpress\/plugins\/seo\/ -->\n<title>R\u00e9servation confirm\u00e9e - Finca Torre de Bri\u00f1as<\/title>\n<meta name=\"robots\" content=\"index, follow, max-snippet:-1, max-image-preview:large, max-video-preview:-1\" \/>\n<link rel=\"canonical\" href=\"https:\/\/torredebrinas.com\/fr\/confirmation-de-reservation\/reservation-confirmee\/\" \/>\n<meta property=\"og:locale\" content=\"fr_FR\" \/>\n<meta property=\"og:type\" content=\"article\" \/>\n<meta property=\"og:title\" content=\"R\u00e9servation confirm\u00e9e - Finca Torre de Bri\u00f1as\" \/>\n<meta property=\"og:url\" content=\"https:\/\/torredebrinas.com\/fr\/confirmation-de-reservation\/reservation-confirmee\/\" \/>\n<meta property=\"og:site_name\" content=\"Finca Torre de Bri\u00f1as\" \/>\n<meta name=\"twitter:card\" content=\"summary_large_image\" \/>\n<script type=\"application\/ld+json\" class=\"yoast-schema-graph\">{\"@context\":\"https:\/\/schema.org\",\"@graph\":[{\"@type\":\"WebPage\",\"@id\":\"https:\/\/torredebrinas.com\/fr\/confirmation-de-reservation\/reservation-confirmee\/\",\"url\":\"https:\/\/torredebrinas.com\/fr\/confirmation-de-reservation\/reservation-confirmee\/\",\"name\":\"R\u00e9servation confirm\u00e9e - Finca Torre de Bri\u00f1as\",\"isPartOf\":{\"@id\":\"https:\/\/torredebrinas.com\/#website\"},\"datePublished\":\"2023-03-13T10:19:18+00:00\",\"dateModified\":\"2023-03-13T10:19:18+00:00\",\"breadcrumb\":{\"@id\":\"https:\/\/torredebrinas.com\/fr\/confirmation-de-reservation\/reservation-confirmee\/#breadcrumb\"},\"inLanguage\":\"fr-FR\",\"potentialAction\":[{\"@type\":\"ReadAction\",\"target\":[\"https:\/\/torredebrinas.com\/fr\/confirmation-de-reservation\/reservation-confirmee\/\"]}]},{\"@type\":\"BreadcrumbList\",\"@id\":\"https:\/\/torredebrinas.com\/fr\/confirmation-de-reservation\/reservation-confirmee\/#breadcrumb\",\"itemListElement\":[{\"@type\":\"ListItem\",\"position\":1,\"name\":\"Home\",\"item\":\"https:\/\/torredebrinas.com\/\"},{\"@type\":\"ListItem\",\"position\":2,\"name\":\"Confirmation de r\u00e9servation\",\"item\":\"https:\/\/torredebrinas.com\/fr\/confirmation-de-reservation\/\"},{\"@type\":\"ListItem\",\"position\":3,\"name\":\"R\u00e9servation confirm\u00e9e\"}]},{\"@type\":\"WebSite\",\"@id\":\"https:\/\/torredebrinas.com\/#website\",\"url\":\"https:\/\/torredebrinas.com\/\",\"name\":\"Finca Torre de Bri\u00f1as\",\"description\":\"Holidays in La Rioja\",\"potentialAction\":[{\"@type\":\"SearchAction\",\"target\":{\"@type\":\"EntryPoint\",\"urlTemplate\":\"https:\/\/torredebrinas.com\/?s={search_term_string}\"},\"query-input\":\"required name=search_term_string\"}],\"inLanguage\":\"fr-FR\"}]}<\/script>\n<!-- \/ Yoast SEO plugin. -->","yoast_head_json":{"title":"R\u00e9servation confirm\u00e9e - Finca Torre de Bri\u00f1as","robots":{"index":"index","follow":"follow","max-snippet":"max-snippet:-1","max-image-preview":"max-image-preview:large","max-video-preview":"max-video-preview:-1"},"canonical":"https:\/\/torredebrinas.com\/fr\/confirmation-de-reservation\/reservation-confirmee\/","og_locale":"fr_FR","og_type":"article","og_title":"R\u00e9servation confirm\u00e9e - Finca Torre de Bri\u00f1as","og_url":"https:\/\/torredebrinas.com\/fr\/confirmation-de-reservation\/reservation-confirmee\/","og_site_name":"Finca Torre de Bri\u00f1as","twitter_card":"summary_large_image","schema":{"@context":"https:\/\/schema.org","@graph":[{"@type":"WebPage","@id":"https:\/\/torredebrinas.com\/fr\/confirmation-de-reservation\/reservation-confirmee\/","url":"https:\/\/torredebrinas.com\/fr\/confirmation-de-reservation\/reservation-confirmee\/","name":"R\u00e9servation confirm\u00e9e - Finca Torre de Bri\u00f1as","isPartOf":{"@id":"https:\/\/torredebrinas.com\/#website"},"datePublished":"2023-03-13T10:19:18+00:00","dateModified":"2023-03-13T10:19:18+00:00","breadcrumb":{"@id":"https:\/\/torredebrinas.com\/fr\/confirmation-de-reservation\/reservation-confirmee\/#breadcrumb"},"inLanguage":"fr-FR","potentialAction":[{"@type":"ReadAction","target":["https:\/\/torredebrinas.com\/fr\/confirmation-de-reservation\/reservation-confirmee\/"]}]},{"@type":"BreadcrumbList","@id":"https:\/\/torredebrinas.com\/fr\/confirmation-de-reservation\/reservation-confirmee\/#breadcrumb","itemListElement":[{"@type":"ListItem","position":1,"name":"Home","item":"https:\/\/torredebrinas.com\/"},{"@type":"ListItem","position":2,"name":"Confirmation de r\u00e9servation","item":"https:\/\/torredebrinas.com\/fr\/confirmation-de-reservation\/"},{"@type":"ListItem","position":3,"name":"R\u00e9servation confirm\u00e9e"}]},{"@type":"WebSite","@id":"https:\/\/torredebrinas.com\/#website","url":"https:\/\/torredebrinas.com\/","name":"Finca Torre de Bri\u00f1as","description":"Holidays in La Rioja","potentialAction":[{"@type":"SearchAction","target":{"@type":"EntryPoint","urlTemplate":"https:\/\/torredebrinas.com\/?s={search_term_string}"},"query-input":"required name=search_term_string"}],"inLanguage":"fr-FR"}]}},"_links":{"self":[{"href":"https:\/\/torredebrinas.com\/fr\/wp-json\/wp\/v2\/pages\/2605"}],"collection":[{"href":"https:\/\/torredebrinas.com\/fr\/wp-json\/wp\/v2\/pages"}],"about":[{"href":"https:\/\/torredebrinas.com\/fr\/wp-json\/wp\/v2\/types\/page"}],"author":[{"embeddable":true,"href":"https:\/\/torredebrinas.com\/fr\/wp-json\/wp\/v2\/users\/2"}],"replies":[{"embeddable":true,"href":"https:\/\/torredebrinas.com\/fr\/wp-json\/wp\/v2\/comments?post=2605"}],"version-history":[{"count":0,"href":"https:\/\/torredebrinas.com\/fr\/wp-json\/wp\/v2\/pages\/2605\/revisions"}],"up":[{"embeddable":true,"href":"https:\/\/torredebrinas.com\/fr\/wp-json\/wp\/v2\/pages\/2604"}],"wp:attachment":[{"href":"https:\/\/torredebrinas.com\/fr\/wp-json\/wp\/v2\/media?parent=2605"}],"curies":[{"name":"wp","href":"https:\/\/api.w.org\/{rel}","templated":true}]}}