{"id":3078,"date":"2023-03-21T11:04:46","date_gmt":"2023-03-21T10:04:46","guid":{"rendered":"https:\/\/torredebrinas.com\/chambre-double-confortable\/"},"modified":"2023-04-17T12:24:00","modified_gmt":"2023-04-17T10:24:00","slug":"chambre-double-vue-montagne","status":"publish","type":"page","link":"https:\/\/torredebrinas.com\/fr\/chambre-double-vue-montagne\/","title":{"rendered":"Chambre double vue montagne"},"content":{"rendered":"<p>[vc_row][vc_column][vc_column_text]<\/p>\n<h1><strong>Chambre double vue montagne<\/strong><\/h1>\n<p>[\/vc_column_text][\/vc_column][\/vc_row][vc_row][vc_column width=\u00a0\u00bb2\/3&Prime;][vc_raw_html css=\u00a0\u00bb.vc_custom_1679068042945{padding-bottom: 20px !important;}\u00a0\u00bb]PGRpdiBpZD0ibmRfYm9va2luZ19zaW5nbGVfY3B0XzFfc3VidGl0bGUiIGNsYXNzPSJuZF9ib29raW5nX3NlY3Rpb24gbmRfYm9va2luZ19kaXNwbGF5X2lubGluZV9ibG9ja19hbGxfaXBob25lIG5kX2Jvb2tpbmdfd2lkdGhfaW5pdGlhbF9hbGxfaXBob25lIG5kX2Jvb2tpbmdfZmxvYXRfaW5pdGlhbF9hbGxfaXBob25lIj4NCjxwIGNsYXNzPSIgbmRfYm9va2luZ19mbG9hdF9sZWZ0IG5kX2Jvb2tpbmdfbGV0dGVyX3NwYWNpbmdfMiI+PHNwYW4gY2xhc3M9Im5kX2Jvb2tpbmdfbWFyZ2luX3JpZ2h0XzEwIG5kX2Jvb2tpbmdfdGV4dF90cmFuc2Zvcm1fdXBwZXJjYXNlIj5GaW5jYSBUb3JyZSBkZSBCcmnDsWFzIFJlc29ydDwvc3Bhbj48L3A+DQo8aW1nIGNsYXNzPSJuZF9ib29raW5nX21hcmdpbl9yaWdodF81IG5kX2Jvb2tpbmdfZmxvYXRfbGVmdCBuZF9ib29raW5nX21hcmdpbl90b3BfNSIgc3JjPSJodHRwczovL3RvcnJlZGVicmluYXMuY29tL3dwLWNvbnRlbnQvcGx1Z2lucy9uZC1ib29raW5nL3RlbXBsYXRlcy9pY29uLXN0YXItZnVsbC1ncmV5LnN2ZyIgYWx0PSIiIHdpZHRoPSIxNSIgLz48aW1nIGNsYXNzPSJuZF9ib29raW5nX21hcmdpbl9yaWdodF81IG5kX2Jvb2tpbmdfZmxvYXRfbGVmdCBuZF9ib29raW5nX21hcmdpbl90b3BfNSIgc3JjPSJodHRwczovL3RvcnJlZGVicmluYXMuY29tL3dwLWNvbnRlbnQvcGx1Z2lucy9uZC1ib29raW5nL3RlbXBsYXRlcy9pY29uLXN0YXItZnVsbC1ncmV5LnN2ZyIgYWx0PSIiIHdpZHRoPSIxNSIgLz48aW1nIGNsYXNzPSJuZF9ib29raW5nX21hcmdpbl9yaWdodF81IG5kX2Jvb2tpbmdfZmxvYXRfbGVmdCBuZF9ib29raW5nX21hcmdpbl90b3BfNSIgc3JjPSJodHRwczovL3RvcnJlZGVicmluYXMuY29tL3dwLWNvbnRlbnQvcGx1Z2lucy9uZC1ib29raW5nL3RlbXBsYXRlcy9pY29uLXN0YXItZnVsbC1ncmV5LnN2ZyIgYWx0PSIiIHdpZHRoPSIxNSIgLz4NCg0KPC9kaXY+[\/vc_raw_html][vc_single_image image=\u00a0\u00bb1849&Prime; img_size=\u00a0\u00bblarge\u00a0\u00bb alignment=\u00a0\u00bbcenter\u00a0\u00bb][vc_raw_html]PGRpdiBjbGFzcz0iZC1mbGV4IG10LTIwIG1sLTEwIj4NCjxkaXYgY2xhc3M9Imp1c3RpZnktY29udGVudC1zcGFjZWJldHdlZW4gbWItMTAiPg0KDQo8aW1nIGNsYXNzPSJtci0xMCAiIHNyYz0iaHR0cHM6Ly90b3JyZWRlYnJpbmFzLmNvbS93cC1jb250ZW50L3BsdWdpbnMvbmQtYm9va2luZy9hZGRvbnMvdmlzdWFsL3Jvb21zL2xheW91dC9pY29uLXVzZXItZ3JleS5zdmciIGFsdD0iaWNvbiBndWVzdHMgbnVtYmVyIiB3aWR0aD0iMjUiIC8+DQo8cCBjbGFzcz0ibXItMzAgIj4yIFBFUlNPTk5FUzwvcD4NCg0KPC9kaXY+DQo8ZGl2IGNsYXNzPSJqdXN0aWZ5LWNvbnRlbnQtc3BhY2ViZXR3ZWVuIG1iLTEwIj4NCg0KPGltZyBjbGFzcz0ibXItMTAiIHNyYz0iaHR0cHM6Ly90b3JyZWRlYnJpbmFzLmNvbS93cC1jb250ZW50L3BsdWdpbnMvbmQtYm9va2luZy9hZGRvbnMvdmlzdWFsL3Jvb21zL2xheW91dC9pY29uLXBsYW4tZ3JleS5zdmciIGFsdD0iaWNvbiBzdXJmYWNlIHJvb20iIHdpZHRoPSIyNSIgLz4NCjxwIGNsYXNzPSJtci0zMCI+MTUgbcKyPC9wPg0KDQo8L2Rpdj4NCjxkaXYgY2xhc3M9Imp1c3RpZnktY29udGVudC1zcGFjZWJldHdlZW4gbWItMTAiPg0KDQo8aW1nIGNsYXNzPSJtci0xMCIgc3JjPSJodHRwczovL3RvcnJlZGVicmluYXMuY29tL3dwLWNvbnRlbnQvdXBsb2Fkcy8yMDIzLzAzL2ljb24tYmVkLWdyZXkuc3ZnIiBhbHQ9IjE2NSDigqwgLyBQRVIgTklHSFQiIHdpZHRoPSIzMCIgLz4NCjxwIGNsYXNzPSJtci0zMCI+MTY1IOKCrCAvIFBBUiBOVUlUPC9wPg0KDQo8L2Rpdj4NCjwvZGl2Pg==[\/vc_raw_html][\/vc_column][vc_column width=\u00a0\u00bb1\/3&Prime;][vc_raw_html]JTNDZGl2JTNFJTNDYSUyMGNsYXNzJTNEJTIyYnRuLTItZGFyayUyMiUyMGhyZWYlM0QlMjJodHRwcyUzQSUyRiUyRmJvb2tpbmcuYXZpcmF0by5jb20lMkYlM0Zjb2RlJTNENzE3ODYwMTIlMjZzcGFjZVR5cGVJZCUzRDIlMjIlM0VCb29rJTIwbm93JTNDJTJGYSUzRSUzQyUyRmRpdiUzRQ==[\/vc_raw_html] <h4 style=\"color:#333333;padding:px;text-align:;font-size:12px;line-height:24px;letter-spacing: px;font-weight:normal\" class=\"   nd_options_second_font \">Veuillez pr\u00e9ciser lors de la r\u00e9servation si vous souhaitez la chambre double avec vue sur la montagne ou sur la piscine. L'affectation se fera en fonction des disponibilit\u00e9s.<\/h4> [\/vc_column][\/vc_row][vc_row css=\u00a0\u00bb.vc_custom_1678982345118{border-top-width: 2px !important;padding-top: 10px !important;padding-bottom: 10px !important;border-top-color: #eaeaea !important;border-top-style: solid !important;}\u00a0\u00bb][vc_column width=\u00a0\u00bb2\/3&Prime;][vc_column_text css=\u00a0\u00bb.vc_custom_1678982373789{padding-top: 0px !important;padding-right: 15px !important;padding-bottom: 0px !important;padding-left: 15px !important;}\u00a0\u00bb]Nos chambres ont \u00e9t\u00e9 con\u00e7ues avec un m\u00e9lange de style authentique et moderne pour vous assurer un s\u00e9jour des plus relaxants et m\u00e9morable. Nos chambres doubles sont enti\u00e8rement \u00e9quip\u00e9es d&rsquo;un lit king size confortable et d&rsquo;une literie de qualit\u00e9, d&rsquo;une Smart TV avec des cha\u00eenes internationales, d&rsquo;une salle de bain priv\u00e9e avec douche italienne, d&rsquo;une armoire et de l&rsquo;air conditionn\u00e9.[\/vc_column_text][\/vc_column][vc_column width=\u00a0\u00bb1\/3&Prime;][\/vc_column][\/vc_row][vc_row][vc_column offset=\u00a0\u00bbvc_hidden-xs\u00a0\u00bb][vc_images_carousel images=\u00a0\u00bb1856,1859,1853&Prime; img_size=\u00a0\u00bblarge\u00a0\u00bb autoplay=\u00a0\u00bbyes\u00a0\u00bb][\/vc_column][\/vc_row][vc_row equal_height=\u00a0\u00bbyes\u00a0\u00bb content_placement=\u00a0\u00bbmiddle\u00a0\u00bb][vc_column offset=\u00a0\u00bbvc_hidden-lg vc_hidden-md vc_hidden-sm\u00a0\u00bb][vc_images_carousel images=\u00a0\u00bb1856,1859,1853&Prime; img_size=\u00a0\u00bb300&#215;300&Prime; autoplay=\u00a0\u00bbyes\u00a0\u00bb][\/vc_column][\/vc_row][vc_row][vc_column][vc_column_text css=\u00a0\u00bb.vc_custom_1679039875901{border-top-width: 2px !important;padding-top: 20px !important;border-top-color: rgba(234,234,234,0.67) !important;border-top-style: solid !important;}\u00a0\u00bb]<\/p>\n<h2>Room services<\/h2>\n<p>[\/vc_column_text][\/vc_column][\/vc_row][vc_row][vc_column][vc_raw_html]PGRpdiBjbGFzcz0iZC1mbGV4Ij4NCjxkaXYgY2xhc3M9Imljb24tY29udGFpbmVyIj4NCjxkaXYgY2xhc3M9ImQtZmxleCBtci00MCBtYi0yMCI+DQoNCjxpbWcgY2xhc3M9Im1yLTEwIiBzcmM9Imh0dHBzOi8vdG9ycmVkZWJyaW5hcy5jb20vd3AtY29udGVudC91cGxvYWRzLzIwMjMvMDMvaWNvbi0xNC0xLnBuZyIgYWx0PSJzd2ltbWluZyBwb29sIiB3aWR0aD0iMjMiIGhlaWdodD0iMjUiIC8+DQo8cCBjbGFzcz0iIj5QaXNjaW5lPC9wPg0KDQo8L2Rpdj4NCjxkaXYgY2xhc3M9ImQtZmxleCBtci00MCBtYi0yMCI+DQoNCjxpbWcgY2xhc3M9Im1yLTEwIiBzcmM9Imh0dHBzOi8vdG9ycmVkZWJyaW5hcy5jb20vd3AtY29udGVudC91cGxvYWRzLzIwMjMvMDMvaWNvbi0xNC5wbmciIGFsdD0ibm8gc21va2luZyIgd2lkdGg9IjIzIiBoZWlnaHQ9IjI1IiAvPk5vbiBmdW1ldXINCg0KPC9kaXY+DQo8ZGl2IGNsYXNzPSJkLWZsZXggbXItNDAgbWItMjAiPg0KDQo8aW1nIGNsYXNzPSJtci0xMCIgc3JjPSJodHRwczovL3RvcnJlZGVicmluYXMuY29tL3dwLWNvbnRlbnQvdXBsb2Fkcy8yMDIzLzAzL2ljb24tMTAucG5nIiBhbHQ9InByaXZhdGUgYmF0aHJvb20iIHdpZHRoPSIyMyIgaGVpZ2h0PSIyNSIgLz4NCjxwIGNsYXNzPSIgbmRfYm9va2luZ19kaXNwbGF5X3RhYmxlX2NlbGwgbmRfYm9va2luZ192ZXJ0aWNhbF9hbGlnbl9taWRkbGUgbmRfYm9va2luZ19saW5lX2hlaWdodF8yMCI+U2FsbGUgZGUgYmFpbiBwcml2w6llPC9wPg0KDQo8L2Rpdj4NCjwvZGl2Pg0KPGRpdiBjbGFzcz0iaWNvbi1jb250YWluZXIiPg0KPGRpdiBjbGFzcz0iZC1mbGV4IG1yLTIwIG1iLTIwIj4NCg0KPGltZyBjbGFzcz0ibXItMTAiIHNyYz0iaHR0cHM6Ly90b3JyZWRlYnJpbmFzLmNvbS93cC1jb250ZW50L3VwbG9hZHMvMjAyMy8wMy91c2IucG5nIiBhbHQ9ImNoYXJnZXIgdXNiIiB3aWR0aD0iMjMiIGhlaWdodD0iMjMiIC8+Q2hhcmdldXIgVVNCDQoNCjwvZGl2Pg0KPGRpdiBjbGFzcz0iZC1mbGV4IG1yLTQwIG1iLTIwIj4NCg0KPGltZyBjbGFzcz0ibXItMTAiIHNyYz0iaHR0cHM6Ly90b3JyZWRlYnJpbmFzLmNvbS93cC1jb250ZW50L3VwbG9hZHMvMjAyMy8wMy9haXItY29uZGl0aW9uZXIucG5nIiBhbHQ9ImFpciBjb25kaXRpb25pbmciIHdpZHRoPSIyMyIgaGVpZ2h0PSIyNSIgLz5DbGltYXRpc2F0aW9uDQoNCjwvZGl2Pg0KPGRpdiBjbGFzcz0iZC1mbGV4IG1yLTQwIG1iLTIwIj4NCg0KPGltZyBjbGFzcz0ibXItMTAiIHNyYz0iaHR0cHM6Ly90b3JyZWRlYnJpbmFzLmNvbS93cC1jb250ZW50L3VwbG9hZHMvMjAyMy8wMy9jYXIucG5nIiBhbHQ9InByaXZhdGUgY2FyIHBhcmtpbmciIHdpZHRoPSIyMyIgaGVpZ2h0PSIyMCIgLz5QYXJraW5nIHByaXbDqSB2b2l0dXJlDQoNCjwvZGl2Pg0KPC9kaXY+DQo8ZGl2IGNsYXNzPSJpY29uLWNvbnRhaW5lciI+DQo8ZGl2IGNsYXNzPSJkLWZsZXggbXItNDAgbWItMjAiPg0KDQo8aW1nIGNsYXNzPSJtci0xMCIgc3JjPSJodHRwczovL3RvcnJlZGVicmluYXMuY29tL3dwLWNvbnRlbnQvdXBsb2Fkcy8yMDIzLzAzL2Jpa2UucG5nIiBhbHQ9InByaXZhdGUgbW90b3JiaWtlIHBhcmtpbmciIHdpZHRoPSIyMyIgaGVpZ2h0PSIyNSIgLz5QYXJraW5nIHByaXbDqSBtb3RvDQoNCjwvZGl2Pg0KPGRpdiBjbGFzcz0iZC1mbGV4IG1yLTQwIG1iLTIwIj4NCg0KPGltZyBjbGFzcz0ibXItMTAiIHNyYz0iaHR0cHM6Ly90b3JyZWRlYnJpbmFzLmNvbS93cC1jb250ZW50L3VwbG9hZHMvMjAyMy8wMy9pY29uLTE4LnBuZyIgYWx0PSJzbWFydCB0diIgd2lkdGg9IjIzIiBoZWlnaHQ9IjI1IiAvPlNtYXJ0IFRWDQoNCjwvZGl2Pg0KPGRpdiBjbGFzcz0iZC1mbGV4IG1yLTQwIG1iLTIwIj4NCg0KPGltZyBjbGFzcz0ibXItMTAiIHNyYz0iaHR0cHM6Ly90b3JyZWRlYnJpbmFzLmNvbS93cC1jb250ZW50L3VwbG9hZHMvMjAyMy8wMy9pY29uLTEyLnBuZyIgYWx0PSJraW5nIHNpemUgYmVkIiB3aWR0aD0iMjUiIGhlaWdodD0iMjUiIC8+TGl0IEtpbmcgU2l6ZQ0KDQo8L2Rpdj4NCjwvZGl2Pg0KPC9kaXY+[\/vc_raw_html][\/vc_column][\/vc_row]<\/p>\n","protected":false},"excerpt":{"rendered":"<p>[vc_row][vc_column][vc_column_text] Chambre double vue montagne [\/vc_column_text][\/vc_column][\/vc_row][vc_row][vc_column width=\u00a0\u00bb2\/3&Prime;][vc_raw_html css=\u00a0\u00bb.vc_custom_1679068042945{padding-bottom: 20px !important;}\u00a0\u00bb]PGRpdiBpZD0ibmRfYm9va2luZ19zaW5nbGVfY3B0XzFfc3VidGl0bGUiIGNsYXNzPSJuZF9ib29raW5nX3NlY3Rpb24gbmRfYm9va2luZ19kaXNwbGF5X2lubGluZV9ibG9ja19hbGxfaXBob25lIG5kX2Jvb2tpbmdfd2lkdGhfaW5pdGlhbF9hbGxfaXBob25lIG5kX2Jvb2tpbmdfZmxvYXRfaW5pdGlhbF9hbGxfaXBob25lIj4NCjxwIGNsYXNzPSIgbmRfYm9va2luZ19mbG9hdF9sZWZ0IG5kX2Jvb2tpbmdfbGV0dGVyX3NwYWNpbmdfMiI+PHNwYW4gY2xhc3M9Im5kX2Jvb2tpbmdfbWFyZ2luX3JpZ2h0XzEwIG5kX2Jvb2tpbmdfdGV4dF90cmFuc2Zvcm1fdXBwZXJjYXNlIj5GaW5jYSBUb3JyZSBkZSBCcmnDsWFzIFJlc29ydDwvc3Bhbj48L3A+DQo8aW1nIGNsYXNzPSJuZF9ib29raW5nX21hcmdpbl9yaWdodF81IG5kX2Jvb2tpbmdfZmxvYXRfbGVmdCBuZF9ib29raW5nX21hcmdpbl90b3BfNSIgc3JjPSJodHRwczovL3RvcnJlZGVicmluYXMuY29tL3dwLWNvbnRlbnQvcGx1Z2lucy9uZC1ib29raW5nL3RlbXBsYXRlcy9pY29uLXN0YXItZnVsbC1ncmV5LnN2ZyIgYWx0PSIiIHdpZHRoPSIxNSIgLz48aW1nIGNsYXNzPSJuZF9ib29raW5nX21hcmdpbl9yaWdodF81IG5kX2Jvb2tpbmdfZmxvYXRfbGVmdCBuZF9ib29raW5nX21hcmdpbl90b3BfNSIgc3JjPSJodHRwczovL3RvcnJlZGVicmluYXMuY29tL3dwLWNvbnRlbnQvcGx1Z2lucy9uZC1ib29raW5nL3RlbXBsYXRlcy9pY29uLXN0YXItZnVsbC1ncmV5LnN2ZyIgYWx0PSIiIHdpZHRoPSIxNSIgLz48aW1nIGNsYXNzPSJuZF9ib29raW5nX21hcmdpbl9yaWdodF81IG5kX2Jvb2tpbmdfZmxvYXRfbGVmdCBuZF9ib29raW5nX21hcmdpbl90b3BfNSIgc3JjPSJodHRwczovL3RvcnJlZGVicmluYXMuY29tL3dwLWNvbnRlbnQvcGx1Z2lucy9uZC1ib29raW5nL3RlbXBsYXRlcy9pY29uLXN0YXItZnVsbC1ncmV5LnN2ZyIgYWx0PSIiIHdpZHRoPSIxNSIgLz4NCg0KPC9kaXY+[\/vc_raw_html][vc_single_image image=\u00a0\u00bb1849&Prime; img_size=\u00a0\u00bblarge\u00a0\u00bb alignment=\u00a0\u00bbcenter\u00a0\u00bb][vc_raw_html]PGRpdiBjbGFzcz0iZC1mbGV4IG10LTIwIG1sLTEwIj4NCjxkaXYgY2xhc3M9Imp1c3RpZnktY29udGVudC1zcGFjZWJldHdlZW4gbWItMTAiPg0KDQo8aW1nIGNsYXNzPSJtci0xMCAiIHNyYz0iaHR0cHM6Ly90b3JyZWRlYnJpbmFzLmNvbS93cC1jb250ZW50L3BsdWdpbnMvbmQtYm9va2luZy9hZGRvbnMvdmlzdWFsL3Jvb21zL2xheW91dC9pY29uLXVzZXItZ3JleS5zdmciIGFsdD0iaWNvbiBndWVzdHMgbnVtYmVyIiB3aWR0aD0iMjUiIC8+DQo8cCBjbGFzcz0ibXItMzAgIj4yIFBFUlNPTk5FUzwvcD4NCg0KPC9kaXY+DQo8ZGl2IGNsYXNzPSJqdXN0aWZ5LWNvbnRlbnQtc3BhY2ViZXR3ZWVuIG1iLTEwIj4NCg0KPGltZyBjbGFzcz0ibXItMTAiIHNyYz0iaHR0cHM6Ly90b3JyZWRlYnJpbmFzLmNvbS93cC1jb250ZW50L3BsdWdpbnMvbmQtYm9va2luZy9hZGRvbnMvdmlzdWFsL3Jvb21zL2xheW91dC9pY29uLXBsYW4tZ3JleS5zdmciIGFsdD0iaWNvbiBzdXJmYWNlIHJvb20iIHdpZHRoPSIyNSIgLz4NCjxwIGNsYXNzPSJtci0zMCI+MTUgbcKyPC9wPg0KDQo8L2Rpdj4NCjxkaXYgY2xhc3M9Imp1c3RpZnktY29udGVudC1zcGFjZWJldHdlZW4gbWItMTAiPg0KDQo8aW1nIGNsYXNzPSJtci0xMCIgc3JjPSJodHRwczovL3RvcnJlZGVicmluYXMuY29tL3dwLWNvbnRlbnQvdXBsb2Fkcy8yMDIzLzAzL2ljb24tYmVkLWdyZXkuc3ZnIiBhbHQ9IjE2NSDigqwgLyBQRVIgTklHSFQiIHdpZHRoPSIzMCIgLz4NCjxwIGNsYXNzPSJtci0zMCI+MTY1IOKCrCAvIFBBUiBOVUlUPC9wPg0KDQo8L2Rpdj4NCjwvZGl2Pg==[\/vc_raw_html][\/vc_column][vc_column width=\u00a0\u00bb1\/3&Prime;][vc_raw_html]JTNDZGl2JTNFJTNDYSUyMGNsYXNzJTNEJTIyYnRuLTItZGFyayUyMiUyMGhyZWYlM0QlMjJodHRwcyUzQSUyRiUyRmJvb2tpbmcuYXZpcmF0by5jb20lMkYlM0Zjb2RlJTNENzE3ODYwMTIlMjZzcGFjZVR5cGVJZCUzRDIlMjIlM0VCb29rJTIwbm93JTNDJTJGYSUzRSUzQyUyRmRpdiUzRQ==[\/vc_raw_html][\/vc_column][\/vc_row][vc_row css=\u00a0\u00bb.vc_custom_1678982345118{border-top-width: 2px !important;padding-top: 10px !important;padding-bottom: 10px !important;border-top-color: #eaeaea !important;border-top-style: solid !important;}\u00a0\u00bb][vc_column width=\u00a0\u00bb2\/3&Prime;][vc_column_text css=\u00a0\u00bb.vc_custom_1678982373789{padding-top: 0px !important;padding-right: 15px !important;padding-bottom: 0px !important;padding-left: 15px !important;}\u00a0\u00bb]Nos chambres ont \u00e9t\u00e9 con\u00e7ues avec un m\u00e9lange de style authentique et moderne pour vous assurer un s\u00e9jour des plus relaxants [&hellip;]<\/p>\n","protected":false},"author":2,"featured_media":1850,"parent":0,"menu_order":0,"comment_status":"closed","ping_status":"closed","template":"","meta":[],"yoast_head":"<!-- This site is optimized with the Yoast SEO plugin v21.1 - https:\/\/yoast.com\/wordpress\/plugins\/seo\/ -->\n<title>Chambre double vue montagne - Finca Torre de Bri\u00f1as<\/title>\n<meta name=\"description\" content=\"R\u00e9servez notre belle chambre avec vue sur la montagne, 150\u20ac la nuit petit-d\u00e9jeuner compris. Vivez un s\u00e9jour de d\u00e9tente \u00e0 La Rioja.\" \/>\n<meta name=\"robots\" content=\"index, follow, max-snippet:-1, max-image-preview:large, max-video-preview:-1\" \/>\n<link rel=\"canonical\" href=\"https:\/\/torredebrinas.com\/double-room-mountain-view\/\" \/>\n<meta property=\"og:locale\" content=\"fr_FR\" \/>\n<meta property=\"og:type\" content=\"article\" \/>\n<meta property=\"og:title\" content=\"Chambre double vue montagne - Finca Torre de Bri\u00f1as\" \/>\n<meta property=\"og:description\" content=\"R\u00e9servez notre belle chambre avec vue sur la montagne, 150\u20ac la nuit petit-d\u00e9jeuner compris. Vivez un s\u00e9jour de d\u00e9tente \u00e0 La Rioja.\" \/>\n<meta property=\"og:url\" content=\"https:\/\/torredebrinas.com\/double-room-mountain-view\/\" \/>\n<meta property=\"og:site_name\" content=\"Finca Torre de Bri\u00f1as\" \/>\n<meta property=\"article:modified_time\" content=\"2023-04-17T10:24:00+00:00\" \/>\n<meta property=\"og:image\" content=\"https:\/\/torredebrinas.com\/wp-content\/uploads\/2020\/07\/chambre1.png\" \/>\n\t<meta property=\"og:image:width\" content=\"1351\" \/>\n\t<meta property=\"og:image:height\" content=\"900\" \/>\n\t<meta property=\"og:image:type\" content=\"image\/png\" \/>\n<meta name=\"twitter:card\" content=\"summary_large_image\" \/>\n<meta name=\"twitter:label1\" content=\"Dur\u00e9e de lecture estim\u00e9e\" \/>\n\t<meta name=\"twitter:data1\" content=\"1 minute\" \/>\n<script type=\"application\/ld+json\" class=\"yoast-schema-graph\">{\"@context\":\"https:\/\/schema.org\",\"@graph\":[{\"@type\":\"WebPage\",\"@id\":\"https:\/\/torredebrinas.com\/double-room-mountain-view\/\",\"url\":\"https:\/\/torredebrinas.com\/double-room-mountain-view\/\",\"name\":\"Chambre double vue montagne - Finca Torre de Bri\u00f1as\",\"isPartOf\":{\"@id\":\"https:\/\/torredebrinas.com\/#website\"},\"datePublished\":\"2023-03-21T10:04:46+00:00\",\"dateModified\":\"2023-04-17T10:24:00+00:00\",\"description\":\"R\u00e9servez notre belle chambre avec vue sur la montagne, 150\u20ac la nuit petit-d\u00e9jeuner compris. Vivez un s\u00e9jour de d\u00e9tente \u00e0 La Rioja.\",\"breadcrumb\":{\"@id\":\"https:\/\/torredebrinas.com\/double-room-mountain-view\/#breadcrumb\"},\"inLanguage\":\"fr-FR\",\"potentialAction\":[{\"@type\":\"ReadAction\",\"target\":[\"https:\/\/torredebrinas.com\/double-room-mountain-view\/\"]}]},{\"@type\":\"BreadcrumbList\",\"@id\":\"https:\/\/torredebrinas.com\/double-room-mountain-view\/#breadcrumb\",\"itemListElement\":[{\"@type\":\"ListItem\",\"position\":1,\"name\":\"Home\",\"item\":\"https:\/\/torredebrinas.com\/\"},{\"@type\":\"ListItem\",\"position\":2,\"name\":\"Chambre double vue montagne\"}]},{\"@type\":\"WebSite\",\"@id\":\"https:\/\/torredebrinas.com\/#website\",\"url\":\"https:\/\/torredebrinas.com\/\",\"name\":\"Finca Torre de Bri\u00f1as\",\"description\":\"Holidays in La Rioja\",\"potentialAction\":[{\"@type\":\"SearchAction\",\"target\":{\"@type\":\"EntryPoint\",\"urlTemplate\":\"https:\/\/torredebrinas.com\/?s={search_term_string}\"},\"query-input\":\"required name=search_term_string\"}],\"inLanguage\":\"fr-FR\"}]}<\/script>\n<!-- \/ Yoast SEO plugin. -->","yoast_head_json":{"title":"Chambre double vue montagne - Finca Torre de Bri\u00f1as","description":"R\u00e9servez notre belle chambre avec vue sur la montagne, 150\u20ac la nuit petit-d\u00e9jeuner compris. Vivez un s\u00e9jour de d\u00e9tente \u00e0 La Rioja.","robots":{"index":"index","follow":"follow","max-snippet":"max-snippet:-1","max-image-preview":"max-image-preview:large","max-video-preview":"max-video-preview:-1"},"canonical":"https:\/\/torredebrinas.com\/double-room-mountain-view\/","og_locale":"fr_FR","og_type":"article","og_title":"Chambre double vue montagne - Finca Torre de Bri\u00f1as","og_description":"R\u00e9servez notre belle chambre avec vue sur la montagne, 150\u20ac la nuit petit-d\u00e9jeuner compris. Vivez un s\u00e9jour de d\u00e9tente \u00e0 La Rioja.","og_url":"https:\/\/torredebrinas.com\/double-room-mountain-view\/","og_site_name":"Finca Torre de Bri\u00f1as","article_modified_time":"2023-04-17T10:24:00+00:00","og_image":[{"width":1351,"height":900,"url":"https:\/\/torredebrinas.com\/wp-content\/uploads\/2020\/07\/chambre1.png","type":"image\/png"}],"twitter_card":"summary_large_image","twitter_misc":{"Dur\u00e9e de lecture estim\u00e9e":"1 minute"},"schema":{"@context":"https:\/\/schema.org","@graph":[{"@type":"WebPage","@id":"https:\/\/torredebrinas.com\/double-room-mountain-view\/","url":"https:\/\/torredebrinas.com\/double-room-mountain-view\/","name":"Chambre double vue montagne - Finca Torre de Bri\u00f1as","isPartOf":{"@id":"https:\/\/torredebrinas.com\/#website"},"datePublished":"2023-03-21T10:04:46+00:00","dateModified":"2023-04-17T10:24:00+00:00","description":"R\u00e9servez notre belle chambre avec vue sur la montagne, 150\u20ac la nuit petit-d\u00e9jeuner compris. Vivez un s\u00e9jour de d\u00e9tente \u00e0 La Rioja.","breadcrumb":{"@id":"https:\/\/torredebrinas.com\/double-room-mountain-view\/#breadcrumb"},"inLanguage":"fr-FR","potentialAction":[{"@type":"ReadAction","target":["https:\/\/torredebrinas.com\/double-room-mountain-view\/"]}]},{"@type":"BreadcrumbList","@id":"https:\/\/torredebrinas.com\/double-room-mountain-view\/#breadcrumb","itemListElement":[{"@type":"ListItem","position":1,"name":"Home","item":"https:\/\/torredebrinas.com\/"},{"@type":"ListItem","position":2,"name":"Chambre double vue montagne"}]},{"@type":"WebSite","@id":"https:\/\/torredebrinas.com\/#website","url":"https:\/\/torredebrinas.com\/","name":"Finca Torre de Bri\u00f1as","description":"Holidays in La Rioja","potentialAction":[{"@type":"SearchAction","target":{"@type":"EntryPoint","urlTemplate":"https:\/\/torredebrinas.com\/?s={search_term_string}"},"query-input":"required name=search_term_string"}],"inLanguage":"fr-FR"}]}},"_links":{"self":[{"href":"https:\/\/torredebrinas.com\/fr\/wp-json\/wp\/v2\/pages\/3078"}],"collection":[{"href":"https:\/\/torredebrinas.com\/fr\/wp-json\/wp\/v2\/pages"}],"about":[{"href":"https:\/\/torredebrinas.com\/fr\/wp-json\/wp\/v2\/types\/page"}],"author":[{"embeddable":true,"href":"https:\/\/torredebrinas.com\/fr\/wp-json\/wp\/v2\/users\/2"}],"replies":[{"embeddable":true,"href":"https:\/\/torredebrinas.com\/fr\/wp-json\/wp\/v2\/comments?post=3078"}],"version-history":[{"count":13,"href":"https:\/\/torredebrinas.com\/fr\/wp-json\/wp\/v2\/pages\/3078\/revisions"}],"predecessor-version":[{"id":3691,"href":"https:\/\/torredebrinas.com\/fr\/wp-json\/wp\/v2\/pages\/3078\/revisions\/3691"}],"wp:featuredmedia":[{"embeddable":true,"href":"https:\/\/torredebrinas.com\/fr\/wp-json\/wp\/v2\/media\/1850"}],"wp:attachment":[{"href":"https:\/\/torredebrinas.com\/fr\/wp-json\/wp\/v2\/media?parent=3078"}],"curies":[{"name":"wp","href":"https:\/\/api.w.org\/{rel}","templated":true}]}}